{"id":495,"date":"2024-07-02T22:43:11","date_gmt":"2024-07-02T20:43:11","guid":{"rendered":"https:\/\/dr-agnes-coelho-place.fr\/?page_id=495"},"modified":"2024-07-24T17:07:22","modified_gmt":"2024-07-24T15:07:22","slug":"invisalign-2","status":"publish","type":"page","link":"https:\/\/dr-agnes-coelho-place.fr\/index.php\/invisalign-2\/","title":{"rendered":"Invisalign"},"content":{"rendered":"\n    \n    <section class=\"u-black u-clearfix u-section-2\" id=\"sec-4eed\">\n      <div class=\"u-clearfix u-sheet u-valign-middle u-sheet-1\">\n        <div class=\"fr-view u-align-center u-clearfix u-rich-text u-text u-text-1\">\n          <h1 id=\"isPasted\">A quoi ressemblerais-je avec des dents plus align\u00e9es?<\/h1>\n          <p id=\"isPasted\">Vous \u00eates-vous d\u00e9j\u00e0 demand\u00e9 \u00ab \u00c0 quoi ressemblerais-je avec des dents align\u00e9es \u00bb ? <br>C'est le moment de le d\u00e9couvrir. Tout ce que vous avez \u00e0 faire, c\u2019est de prendre un selfie et vous aurez le r\u00e9sultat en 60 secondes.\n          <\/p>\n          <p style=\"text-align: center;\">&nbsp;<span style=\"line-height: 2.0;\"><\/span>\n          <\/p>\n        <\/div>\n      <\/div>\n    <\/section>\n    <section class=\"u-align-left u-clearfix u-image u-shading u-section-3\" id=\"sec-908c\" data-image-width=\"1125\" data-image-height=\"741\" style=\"background-image: linear-gradient(0deg, rgba(0, 0, 0, 0.5), rgba(0, 0, 0, 0.5)), url(&quot;https:\/\/dr-agnes-coelho-place.fr\/wp-content\/uploads\/2024\/07\/invisalign.png&quot;);\">\n      <h1 class=\"u-align-left u-text u-text-default u-title u-text-1\"> INVISALIGN<\/h1>\n      <p class=\"u-align-left u-large-text u-text u-text-variant u-text-2\"> Vous \u00eates \u00e0 moins d'1 minute de\nd\u00e9couvrir votre nouveau sourire.<br>\n        <br>Scannez le QR code avec l'appareil\nphoto de votre t\u00e9l\u00e9phone pour\ncommencer.<br>\n        <br>Essayez l'outil SmileView* pendant que\nvous attendez.\n      <\/p>\n      <img decoding=\"async\" class=\"u-image u-image-contain u-image-default u-preserve-proportions u-image-1\" src=\"https:\/\/dr-agnes-coelho-place.fr\/wp-content\/uploads\/2024\/07\/qrcode.png\" alt=\"\" data-image-width=\"193\" data-image-height=\"188\">\n    <\/section>\n    \n    \n    \n  \n","protected":false},"excerpt":{"rendered":"<p>A quoi ressemblerais-je avec des dents plus align\u00e9es? Vous \u00eates-vous d\u00e9j\u00e0 demand\u00e9 \u00ab \u00c0 quoi ressemblerais-je avec des dents align\u00e9es \u00bb ? C&rsquo;est le moment de le d\u00e9couvrir. Tout ce que vous avez \u00e0 faire, c\u2019est de prendre un selfie et vous aurez le r\u00e9sultat en 60 secondes. &nbsp; INVISALIGN Vous \u00eates \u00e0 moins d&rsquo;1 &hellip; <a href=\"https:\/\/dr-agnes-coelho-place.fr\/index.php\/invisalign-2\/\" class=\"more-link\">Continue reading<span class=\"screen-reader-text\"> \u00ab\u00a0Invisalign\u00a0\u00bb<\/span><\/a><\/p>\n","protected":false},"author":1,"featured_media":0,"parent":0,"menu_order":0,"comment_status":"closed","ping_status":"closed","template":"","meta":{"footnotes":""},"_links":{"self":[{"href":"https:\/\/dr-agnes-coelho-place.fr\/index.php\/wp-json\/wp\/v2\/pages\/495"}],"collection":[{"href":"https:\/\/dr-agnes-coelho-place.fr\/index.php\/wp-json\/wp\/v2\/pages"}],"about":[{"href":"https:\/\/dr-agnes-coelho-place.fr\/index.php\/wp-json\/wp\/v2\/types\/page"}],"author":[{"embeddable":true,"href":"https:\/\/dr-agnes-coelho-place.fr\/index.php\/wp-json\/wp\/v2\/users\/1"}],"replies":[{"embeddable":true,"href":"https:\/\/dr-agnes-coelho-place.fr\/index.php\/wp-json\/wp\/v2\/comments?post=495"}],"version-history":[{"count":5,"href":"https:\/\/dr-agnes-coelho-place.fr\/index.php\/wp-json\/wp\/v2\/pages\/495\/revisions"}],"predecessor-version":[{"id":542,"href":"https:\/\/dr-agnes-coelho-place.fr\/index.php\/wp-json\/wp\/v2\/pages\/495\/revisions\/542"}],"wp:attachment":[{"href":"https:\/\/dr-agnes-coelho-place.fr\/index.php\/wp-json\/wp\/v2\/media?parent=495"}],"curies":[{"name":"wp","href":"https:\/\/api.w.org\/{rel}","templated":true}]}}