{"id":464,"date":"2024-07-02T21:59:59","date_gmt":"2024-07-02T19:59:59","guid":{"rendered":"https:\/\/dr-agnes-coelho-place.fr\/index.php\/soins\/"},"modified":"2024-07-02T22:36:03","modified_gmt":"2024-07-02T20:36:03","slug":"soins","status":"publish","type":"page","link":"https:\/\/dr-agnes-coelho-place.fr\/index.php\/soins\/","title":{"rendered":"Soins"},"content":{"rendered":"\n    \n    <section class=\"u-black u-clearfix u-section-2\" id=\"sec-4eed\">\n      <div class=\"u-clearfix u-sheet u-valign-middle u-sheet-1\">\n        <div class=\"fr-view u-align-center u-clearfix u-rich-text u-text u-text-1\">\n          <h1 id=\"isPasted\">Qu\u2019est ce que l\u2019orthodontie?<\/h1>\n          <p style=\"text-align: center;\">L\u2019orthodontie est une sp\u00e9cialit\u00e9 de l\u2019art dentaire qui permet de corriger les malpositions dentaires dans un but esth\u00e9tique ET fonctionnel.<br style=\"box-sizing: border-box; margin: 0px; padding: 0px; outline: 0px; color: rgb(60, 66, 79); font-family: &quot;Open Sans&quot;, sans-serif; font-size: 19.2px; font-style: normal; font-variant-ligatures: normal; font-variant-caps: normal; font-weight: 300; letter-spacing: normal; orphans: 2; text-align: center; text-indent: 0px; text-transform: none; white-space: normal; widows: 2; word-spacing: 0px; -webkit-text-stroke-width: 0px; background-color: rgb(245, 250, 253); text-decoration-thickness: initial; text-decoration-style: initial; text-decoration-color: initial;\" id=\"isPasted\">Elle s\u2019adresse \u00e0 tous car les dents peuvent se d\u00e9placer tout au long de la vie, cependant les traitements sont diff\u00e9rents selon les \u00e2ges. <span style=\"line-height: 2.0;\">\n              <img decoding=\"async\" src=\"https:\/\/dr-agnes-coelho-place.fr\/wp-content\/uploads\/2024\/07\/IMG_2030-4.jpg\" align=\"center\" style=\"width: 583px;\" class=\"fr-dib fr-fic\" width=\"570\">\n            <\/span>\n          <\/p>\n        <\/div>\n      <\/div>\n    <\/section>\n    \n    \n    \n  \n","protected":false},"excerpt":{"rendered":"<p>Qu\u2019est ce que l\u2019orthodontie? L\u2019orthodontie est une sp\u00e9cialit\u00e9 de l\u2019art dentaire qui permet de corriger les malpositions dentaires dans un but esth\u00e9tique ET fonctionnel.Elle s\u2019adresse \u00e0 tous car les dents peuvent se d\u00e9placer tout au long de la vie, cependant les traitements sont diff\u00e9rents selon les \u00e2ges.<\/p>\n","protected":false},"author":1,"featured_media":0,"parent":0,"menu_order":12,"comment_status":"closed","ping_status":"closed","template":"","meta":{"footnotes":""},"_links":{"self":[{"href":"https:\/\/dr-agnes-coelho-place.fr\/index.php\/wp-json\/wp\/v2\/pages\/464"}],"collection":[{"href":"https:\/\/dr-agnes-coelho-place.fr\/index.php\/wp-json\/wp\/v2\/pages"}],"about":[{"href":"https:\/\/dr-agnes-coelho-place.fr\/index.php\/wp-json\/wp\/v2\/types\/page"}],"author":[{"embeddable":true,"href":"https:\/\/dr-agnes-coelho-place.fr\/index.php\/wp-json\/wp\/v2\/users\/1"}],"replies":[{"embeddable":true,"href":"https:\/\/dr-agnes-coelho-place.fr\/index.php\/wp-json\/wp\/v2\/comments?post=464"}],"version-history":[{"count":3,"href":"https:\/\/dr-agnes-coelho-place.fr\/index.php\/wp-json\/wp\/v2\/pages\/464\/revisions"}],"predecessor-version":[{"id":508,"href":"https:\/\/dr-agnes-coelho-place.fr\/index.php\/wp-json\/wp\/v2\/pages\/464\/revisions\/508"}],"wp:attachment":[{"href":"https:\/\/dr-agnes-coelho-place.fr\/index.php\/wp-json\/wp\/v2\/media?parent=464"}],"curies":[{"name":"wp","href":"https:\/\/api.w.org\/{rel}","templated":true}]}}