{"id":461,"date":"2024-07-02T21:59:56","date_gmt":"2024-07-02T19:59:56","guid":{"rendered":"https:\/\/dr-agnes-coelho-place.fr\/index.php\/soins-ados\/"},"modified":"2024-07-02T22:00:02","modified_gmt":"2024-07-02T20:00:02","slug":"soins-ados","status":"publish","type":"page","link":"https:\/\/dr-agnes-coelho-place.fr\/index.php\/soins-ados\/","title":{"rendered":"Soins Ados"},"content":{"rendered":"\n  \n    <section class=\"u-black u-clearfix u-section-1\" id=\"sec-4eed\">\n      <div class=\"u-clearfix u-sheet u-sheet-1\">\n        <div class=\"fr-view u-align-center u-clearfix u-rich-text u-text u-text-1\">\n          <h2 id=\"isPasted\">Adolescents en denture d\u00e9finitive<\/h2>\n          <p id=\"isPasted\">A cet \u00e2ge, toutes les dents d\u00e9finitives sont l\u00e0, nous chercherons \u00e0 corriger l\u2019alignement et r\u00e9tablir une bonne occlusion pour \u00e9viter des probl\u00e8mes \u00e0 l\u2019\u00e2ge adulte.<\/p>\n          <p>Le traitement peut se faire \u00e0 l\u2019aide de \u00ab bagues \u00bb ou plut\u00f4t des attaches m\u00e9talliques ou c\u00e9ramiques coll\u00e9es sur les dents et reli\u00e9es par un fil, ou par goutti\u00e8res transparentes.<\/p>\n          <hr>\n          <p>&nbsp;<span style=\"line-height: 2.0;\">\n              <img decoding=\"async\" src=\"https:\/\/dr-agnes-coelho-place.fr\/wp-content\/uploads\/2024\/07\/Bureau-4.png\" align=\"center\" style=\"width: 446px;\" class=\"fr-dib fr-fic\" width=\"570\">\n            <\/span>\n          <\/p>\n        <\/div>\n      <\/div>\n    <\/section>\n    <section class=\"u-align-center u-black u-clearfix u-section-2\" id=\"sec-4f5d\">\n      <div class=\"u-clearfix u-sheet u-valign-middle u-sheet-1\">\n        <h2 class=\"u-text u-text-default u-text-1\">Les traitements possibles<\/h2>\n        <div class=\"u-expanded-width u-list u-list-1\">\n          <div class=\"u-repeater u-repeater-1\">\n            <div class=\"u-container-style u-image u-image-round u-list-item u-radius-8 u-repeater-item u-image-1\" data-image-width=\"1440\" data-image-height=\"1920\" style=\"background-image: url(&quot;https:\/\/dr-agnes-coelho-place.fr\/wp-content\/uploads\/2024\/07\/IMG_3117-3.jpg&quot;);\">\n              <div class=\"u-container-layout u-similar-container u-container-layout-1\">\n                <h3 class=\"u-align-center u-text u-text-body-alt-color u-text-default u-text-2\"> Traitement multi-attaches<br>\n                <\/h3>\n              <\/div>\n            <\/div>\n            <div class=\"u-align-center u-container-style u-image u-image-round u-list-item u-radius-8 u-repeater-item u-image-2\" data-image-width=\"1440\" data-image-height=\"1920\" style=\"background-image: url(&quot;https:\/\/dr-agnes-coelho-place.fr\/wp-content\/uploads\/2024\/07\/IMG_9152-3.jpg&quot;);\">\n              <div class=\"u-container-layout u-similar-container u-container-layout-2\">\n                <h3 class=\"u-align-center u-text u-text-body-alt-color u-text-default u-text-3\"> Les \u00e9lastiques<\/h3>\n              <\/div>\n            <\/div>\n            <div class=\"u-align-center u-container-style u-image u-image-round u-list-item u-radius-8 u-repeater-item u-image-3\" data-image-width=\"1440\" data-image-height=\"1920\" style=\"background-image: url(&quot;https:\/\/dr-agnes-coelho-place.fr\/wp-content\/uploads\/2024\/07\/IMG_9151-3.jpg&quot;);\">\n              <div class=\"u-container-layout u-similar-container u-container-layout-3\">\n                <h3 class=\"u-align-center u-text u-text-body-alt-color u-text-default u-text-4\"> Traitements par goutti\u00e8res<\/h3>\n              <\/div>\n            <\/div>\n          <\/div>\n        <\/div>\n      <\/div>\n    <\/section>\n    \n    \n    \n  \n","protected":false},"excerpt":{"rendered":"<p>Adolescents en denture d\u00e9finitive A cet \u00e2ge, toutes les dents d\u00e9finitives sont l\u00e0, nous chercherons \u00e0 corriger l\u2019alignement et r\u00e9tablir une bonne occlusion pour \u00e9viter des probl\u00e8mes \u00e0 l\u2019\u00e2ge adulte. Le traitement peut se faire \u00e0 l\u2019aide de \u00ab bagues \u00bb ou plut\u00f4t des attaches m\u00e9talliques ou c\u00e9ramiques coll\u00e9es sur les dents et reli\u00e9es par &hellip; <a href=\"https:\/\/dr-agnes-coelho-place.fr\/index.php\/soins-ados\/\" class=\"more-link\">Continue reading<span class=\"screen-reader-text\"> \u00ab\u00a0Soins Ados\u00a0\u00bb<\/span><\/a><\/p>\n","protected":false},"author":1,"featured_media":0,"parent":0,"menu_order":9,"comment_status":"closed","ping_status":"closed","template":"","meta":{"footnotes":""},"_links":{"self":[{"href":"https:\/\/dr-agnes-coelho-place.fr\/index.php\/wp-json\/wp\/v2\/pages\/461"}],"collection":[{"href":"https:\/\/dr-agnes-coelho-place.fr\/index.php\/wp-json\/wp\/v2\/pages"}],"about":[{"href":"https:\/\/dr-agnes-coelho-place.fr\/index.php\/wp-json\/wp\/v2\/types\/page"}],"author":[{"embeddable":true,"href":"https:\/\/dr-agnes-coelho-place.fr\/index.php\/wp-json\/wp\/v2\/users\/1"}],"replies":[{"embeddable":true,"href":"https:\/\/dr-agnes-coelho-place.fr\/index.php\/wp-json\/wp\/v2\/comments?post=461"}],"version-history":[{"count":1,"href":"https:\/\/dr-agnes-coelho-place.fr\/index.php\/wp-json\/wp\/v2\/pages\/461\/revisions"}],"predecessor-version":[{"id":473,"href":"https:\/\/dr-agnes-coelho-place.fr\/index.php\/wp-json\/wp\/v2\/pages\/461\/revisions\/473"}],"wp:attachment":[{"href":"https:\/\/dr-agnes-coelho-place.fr\/index.php\/wp-json\/wp\/v2\/media?parent=461"}],"curies":[{"name":"wp","href":"https:\/\/api.w.org\/{rel}","templated":true}]}}