{"id":460,"date":"2024-07-02T21:59:55","date_gmt":"2024-07-02T19:59:55","guid":{"rendered":"https:\/\/dr-agnes-coelho-place.fr\/index.php\/accueil\/"},"modified":"2024-07-24T16:47:44","modified_gmt":"2024-07-24T14:47:44","slug":"accueil","status":"publish","type":"page","link":"https:\/\/dr-agnes-coelho-place.fr\/","title":{"rendered":"Accueil"},"content":{"rendered":"\n    \n    <section class=\"u-align-center u-clearfix u-image u-shading u-section-2\" src=\"\" data-image-width=\"1920\" data-image-height=\"1280\" id=\"sec-a68a\" style=\"background-image: linear-gradient(0deg, rgba(0, 0, 0, 0.4), rgba(0, 0, 0, 0.4)), url(&quot;https:\/\/dr-agnes-coelho-place.fr\/wp-content\/uploads\/2024\/07\/CoelhoPlace641502-4.jpg&quot;);\">\n      <div class=\"u-clearfix u-sheet u-valign-middle-lg u-valign-middle-xl u-sheet-1\">\n        <h3 class=\"u-text u-text-default u-text-1\">&nbsp;Cabinet&nbsp;du Dr Agnes Coelho Plac\u00e9<br>&nbsp;\u00e0 Mourenx \n        <\/h3>\n        <p class=\"u-large-text u-text u-text-variant u-text-2\"> Sp\u00e9cialiste Qualifi\u00e9e en Orthop\u00e9die-Dento-Faciale&nbsp;<br>\n          <br>1 bis Avenue de Monein 64150 MOURENX \n        <\/p>\n      <\/div>\n    <\/section>\n    <section class=\"u-align-center u-black u-clearfix u-section-3\" id=\"sec-dcf6\">\n      <div class=\"u-clearfix u-sheet u-sheet-1\">\n        <div id=\"carousel-12ba\" data-interval=\"5000\" data-u-ride=\"carousel\" class=\"u-carousel u-expanded-width u-slider u-slider-1\">\n          <ol class=\"u-absolute-hcenter u-carousel-indicators u-hidden u-carousel-indicators-1\">\n            <li data-u-target=\"#carousel-12ba\" class=\"u-active u-grey-30\" data-u-slide-to=\"0\"><\/li>\n            <li data-u-target=\"#carousel-12ba\" class=\"u-grey-30\" data-u-slide-to=\"1\"><\/li>\n            <li data-u-target=\"#carousel-12ba\" class=\"u-grey-30\" data-u-slide-to=\"2\"><\/li>\n            <li data-u-target=\"#carousel-12ba\" class=\"u-grey-30\" data-u-slide-to=\"3\"><\/li>\n            <li data-u-target=\"#carousel-12ba\" class=\"u-grey-30\" data-u-slide-to=\"4\"><\/li>\n            <li data-u-target=\"#carousel-12ba\" class=\"u-grey-30\" data-u-slide-to=\"5\"><\/li>\n            <li data-u-target=\"#carousel-12ba\" class=\"u-grey-30\" data-u-slide-to=\"6\"><\/li>\n            <li data-u-target=\"#carousel-12ba\" class=\"u-grey-30\" data-u-slide-to=\"7\"><\/li>\n          <\/ol>\n          <div class=\"u-carousel-inner\" role=\"listbox\">\n            <div class=\"u-active u-align-center u-carousel-item u-container-style u-image u-shading u-slide u-image-1\" data-image-width=\"2976\" data-image-height=\"1984\" style=\"background-image: linear-gradient(0deg, rgba(0, 0, 0, 0.4), rgba(0, 0, 0, 0.4)), url(&quot;https:\/\/dr-agnes-coelho-place.fr\/wp-content\/uploads\/2024\/07\/CoelhoPlace641502-4.jpg&quot;);\">\n              <div class=\"u-container-layout u-container-layout-1\">\n                <h2 class=\"u-text u-text-default u-text-1\">Salle d'attente<\/h2>\n                <p class=\"u-text u-text-2\">Un espace agr\u00e9able et propice \u00e0 l'attente pour vous ...<\/p>\n              <\/div>\n            <\/div>\n            <div class=\"u-align-center u-carousel-item u-container-style u-image u-shading u-slide u-image-2\" data-image-width=\"1064\" data-image-height=\"1088\" style=\"background-image: linear-gradient(0deg, rgba(0, 0, 0, 0.4), rgba(0, 0, 0, 0.4)), url(&quot;https:\/\/dr-agnes-coelho-place.fr\/wp-content\/uploads\/2024\/07\/ACCUEIL-4.png&quot;);\">\n              <div class=\"u-container-layout u-container-layout-2\">\n                <h2 class=\"u-text u-text-default u-text-3\">Accueil - Prise de Rendez- Vous<\/h2>\n                <p class=\"u-text u-text-4\">L'accueil vous permet de completer les formalit\u00e9s administratives et financieres sans oublier la prise de rendez vous !<\/p>\n              <\/div>\n            <\/div>\n            <div class=\"u-align-center u-carousel-item u-container-style u-image u-shading u-slide u-image-3\" data-image-width=\"1096\" data-image-height=\"1074\" style=\"background-image: linear-gradient(0deg, rgba(0, 0, 0, 0.4), rgba(0, 0, 0, 0.4)), url(&quot;https:\/\/dr-agnes-coelho-place.fr\/wp-content\/uploads\/2024\/07\/Bureau-4.png&quot;);\">\n              <div class=\"u-container-layout u-container-layout-3\">\n                <h2 class=\"u-text u-text-default u-text-5\">Bureau 1&nbsp;<\/h2>\n                <p class=\"u-text u-text-6\">Salle de consultation - Empreinte num\u00e9rique<\/p>\n              <\/div>\n            <\/div>\n            <div class=\"u-align-center u-carousel-item u-container-style u-image u-slide u-image-4\" data-image-width=\"1086\" data-image-height=\"1158\" style=\"background-image: url(&quot;https:\/\/dr-agnes-coelho-place.fr\/wp-content\/uploads\/2024\/07\/consult-4.png&quot;);\">\n              <div class=\"u-container-layout u-container-layout-4\">\n                <h2 class=\"u-text u-text-default u-text-7\">Bu\u200breau 2&nbsp;<\/h2>\n                <p class=\"u-text u-text-black u-text-8\">Salle de consultation&nbsp; - Empreinte num\u00e9rique<\/p>\n              <\/div>\n            <\/div>\n            <div class=\"u-carousel-item u-container-style u-image u-slide u-image-5\" data-image-width=\"480\" data-image-height=\"640\" style=\"background-image: url(&quot;https:\/\/dr-agnes-coelho-place.fr\/wp-content\/uploads\/2024\/07\/ooapin.jpeg&quot;);\">\n              <div class=\"u-container-layout u-valign-middle u-container-layout-5\">\n                <h2 class=\"u-text u-text-body-alt-color u-text-default u-text-9\"> Salle de soins 1&nbsp;<\/h2>\n              <\/div>\n            <\/div>\n            <div class=\"u-carousel-item u-container-style u-slide u-carousel-item-6\">\n              <div class=\"u-container-layout u-container-layout-6\">\n                <img decoding=\"async\" class=\"u-expanded-width u-image u-image-default u-image-6\" src=\"https:\/\/dr-agnes-coelho-place.fr\/wp-content\/uploads\/2024\/07\/IMG_9157-3.jpg\" alt=\"\" data-image-width=\"1440\" data-image-height=\"1920\">\n                <h2 class=\"u-text u-text-body-alt-color u-text-default u-text-10\"> Salle de soins 2&nbsp;<\/h2>\n              <\/div>\n            <\/div>\n            <div class=\"u-carousel-item u-container-style u-image u-slide u-image-7\" data-image-width=\"1088\" data-image-height=\"1108\" style=\"background-image: url(&quot;https:\/\/dr-agnes-coelho-place.fr\/wp-content\/uploads\/2024\/07\/HYGIENE-4.png&quot;);\">\n              <div class=\"u-container-layout u-container-layout-7\">\n                <h2 class=\"u-text u-text-body-alt-color u-text-default u-text-11\">Zone d'Hygi\u00e8ne<\/h2>\n              <\/div>\n            <\/div>\n            <div class=\"u-carousel-item u-container-style u-image u-slide u-image-8\" data-image-width=\"1010\" data-image-height=\"1048\" style=\"background-image: url(&quot;https:\/\/dr-agnes-coelho-place.fr\/wp-content\/uploads\/2024\/07\/radio-4.jpg&quot;);\">\n              <div class=\"u-container-layout u-container-layout-8\">\n                <h2 class=\"u-text u-text-body-alt-color u-text-default u-text-12\">Salle de Radiologie&nbsp;<\/h2>\n                <p class=\"u-text u-text-body-alt-color u-text-13\">Zone d'examen de radiologie dentaire<\/p>\n              <\/div>\n            <\/div>\n          <\/div>\n          <a class=\"u-absolute-vcenter u-carousel-control u-carousel-control-prev u-grey-60 u-icon-circle u-spacing-9 u-carousel-control-1\" href=\"#carousel-12ba\" role=\"button\" data-u-slide=\"prev\">\n            <span aria-hidden=\"true\">\n              <svg viewBox=\"0 0 477.175 477.175\"><path d=\"M145.188,238.575l215.5-215.5c5.3-5.3,5.3-13.8,0-19.1s-13.8-5.3-19.1,0l-225.1,225.1c-5.3,5.3-5.3,13.8,0,19.1l225.1,225\n                    c2.6,2.6,6.1,4,9.5,4s6.9-1.3,9.5-4c5.3-5.3,5.3-13.8,0-19.1L145.188,238.575z\"><\/path><\/svg>\n            <\/span>\n            <span class=\"sr-only\">+Previous<\/span>\n          <\/a>\n          <a class=\"u-absolute-vcenter u-carousel-control u-carousel-control-next u-grey-60 u-icon-circle u-spacing-9 u-carousel-control-2\" href=\"#carousel-12ba\" role=\"button\" data-u-slide=\"next\">\n            <span aria-hidden=\"true\">\n              <svg viewBox=\"0 0 477.175 477.175\"><path d=\"M360.731,229.075l-225.1-225.1c-5.3-5.3-13.8-5.3-19.1,0s-5.3,13.8,0,19.1l215.5,215.5l-215.5,215.5\n                    c-5.3,5.3-5.3,13.8,0,19.1c2.6,2.6,6.1,4,9.5,4c3.4,0,6.9-1.3,9.5-4l225.1-225.1C365.931,242.875,365.931,234.275,360.731,229.075z\"><\/path><\/svg>\n            <\/span>\n            <span class=\"sr-only\">+Next<\/span>\n          <\/a>\n        <\/div>\n      <\/div>\n      <style data-mode=\"XXL\">@media (max-width: 0px) {\n  .u-section-3 .u-sheet-1 {\n    min-height: 613px;\n  }\n  .u-section-3 .u-slider-1 {\n    width: 758px;\n    min-height: 478px;\n    height: auto;\n    margin-top: 60px;\n    margin-bottom: 60px;\n    margin-left: auto;\n    margin-right: auto;\n  }\n  .u-section-3 .u-carousel-indicators-1 {\n    position: absolute;\n    bottom: 10px;\n    width: auto;\n    height: auto;\n  }\n  .u-section-3 .u-image-1 {\n    background-image: linear-gradient(0deg, rgba(0,0,0,0.4), rgba(0,0,0,0.4)), url(\"data:image\/svg+xml;base64,PHN2ZyB2ZXJzaW9uPSIxLjEiIGlkPSJkZWZhdWx0LWltYWdlLXNvbGlkIiB4bWxucz0iaHR0cDovL3d3dy53My5vcmcvMjAwMC9zdmciIHg9IjBweCIgeT0iMHB4IiB2aWV3Qm94PSIwIDAgNDAwIDI2NSIgc3R5bGU9IndpZHRoOiA0MDBweDsgaGVpZ2h0OiAyNjVweDsiPg0KPHJlY3QgZmlsbD0iI0M2RDhFMSIgd2lkdGg9IjQwMCIgaGVpZ2h0PSIyNjUiLz4NCjxwYXRoIGZpbGw9IiNEOUUzRTgiIGQ9Ik0zOTUuMyw5Ni4yYy01LTAuOC02LjEsMS4xLTguNSwyLjljLTEtMi4zLTIuNi02LjItNy43LTVjMS41LTUuMy0yLjYtOC40LTcuNy04LjRjLTAuNiwwLTEuMiwwLjEtMS44LDAuMg0KCWMtMS44LTQuMS02LTYuOS0xMC43LTYuOWMtNi41LDAtMTEuOCw1LjMtMTEuOCwxMS44YzAsMC40LDAsMC45LDAuMSwxLjNjLTEuMi0wLjgtMi41LTEuMy0zLjktMS4zYy00LjMsMC03LjksNC4yLTcuOSw5LjQNCgljMCwxLjIsMC4yLDIuNCwwLjYsMy41Yy0wLjUtMC4xLTEtMC4xLTEuNi0wLjFjLTYuOSwwLTEyLjUsNS41LTEyLjcsMTIuNGMtMC45LTAuMi0xLjktMC40LTIuOS0wLjRjLTYuNCwwLTExLjcsNS4yLTEyLjUsMTEuOA0KCWMtMS4yLTAuNC0yLjUtMC42LTMuOS0wLjZjLTUuOSwwLTEwLjgsMy44LTEyLjEsOC45Yy0yLjQtMi01LjUtMy4yLTguOS0zLjJjLTYsMC0xMS4xLDMuNy0xMi44LDguOGMtMS41LTEuNC0zLjgtMi4zLTYuMy0yLjMNCgljLTIuMSwwLTQuMSwwLjYtNS41LDEuN2gtMC4xYy0xLjMtNS41LTYuMi05LjUtMTIuMS05LjVjLTIuNCwwLTQuNywwLjctNi42LDEuOWMtMS40LTAuNy0zLTEuMi00LjgtMS4yYy0wLjMsMC0wLjUsMC0wLjgsMA0KCWMtMS41LTQuMS01LjItNy05LjUtN2MtMy4xLDAtNS45LDEuNS03LjgsMy45Yy0yLjItNC44LTYuOC04LjItMTIuMi04LjJjLTUuNiwwLTEwLjUsMy43LTEyLjUsOC44Yy0yLjEtMC45LTQuNC0xLjUtNi45LTEuNQ0KCWMtNi44LDAtMTIuNSwzLjktMTQuNSw5LjNjLTAuMiwwLTAuNSwwLTAuNywwYy01LjIsMC05LjYsMy4yLTExLjQsNy44Yy0yLjctMi44LTctNC41LTExLjgtNC41Yy0zLjMsMC02LjQsMC45LTguOSwyLjMNCgljLTIuMS02LjUtOC0xMi4yLTE4LjEtOS45Yy0yLjctMi4zLTYuMy0zLjctMTAuMS0zLjdjLTIuNSwwLTQuOCwwLjYtNi45LDEuNmMtMi4yLTUuOS03LjktMTAuMS0xNC42LTEwLjFjLTguNiwwLTE1LjYsNy0xNS42LDE1LjYNCgljMCwwLjksMC4xLDEuNywwLjIsMi41Yy0yLjYtNS03LjgtOC40LTEzLjgtOC40Yy04LjMsMC0xNS4xLDYuNS0xNS42LDE0LjZjLTIuOS0zLjItNy01LjMtMTEuNy01LjNjLTcuNCwwLTEzLjUsNS4xLTE1LjIsMTINCgljLTIuOS0zLjUtOS44LTYtMTQuNy02djExOS4yaDQwMFYxMDJDNDAwLDEwMiw0MDAsOTcsMzk1LjMsOTYuMnoiLz4NCjxwYXRoIGZpbGw9IiM4RUE4QkIiIGQ9Ik00MDAsMjA2LjJjMCwwLTI1LjMtMTkuMi0zMy42LTI1LjdjLTEzLjQtMTAuNi0yMy4xLTEyLjktMzEuNy03cy0yMy45LDE5LjctMjMuOSwxOS43cy01OC45LTYzLjktNjEuNS02Ni40DQoJYy0xLjUtMS40LTMuNi0xLjctNS41LTAuOWMtNS4yLDIuNC0xNy42LDkuNy0yNC41LDEyLjdjLTYuOSwyLjktNDEtNTAuNy00OS42LTUzcy04NC4zLDgzLjMtMTAxLjQsNzUuMXMtMjYuOS0yLjMtMzUuNCwzLjUNCgljLTguNiw1LjktMTEsNS45LTE1LjksOC4ycy0xNy4xLTUuOS0xNy4xLTUuOVYyNjVjMCwwLDQwMCwwLjIsNDAwLDB2LTU4LjhINDAweiIvPg0KPHBhdGggZmlsbD0iIzdFOTZBNiIgZD0iTTMzMy40LDE3OWMtMTMuMS05LjMtNDAsNC42LTU1LjEsMTAuN2MtMjMuNiw5LjYtOTQtNTQuNC0xMDcuMi01OS43YzAsMC00LjIsMy43LTkuNiw3LjYNCgljLTMuNS0wLjQtOC40LTUuNy05LjktNC43Yy00LjYsMy4xLTE3LjgsMTUuNC0yOC4zLDI2LjZjLTEwLjUsMTEuMy0xMS43LDAtMTUuOC0wLjZjLTIuNS0wLjQtNTQuMSw0Mi41LTU4LjcsNDMuMQ0KCUMyMi4zLDIwNS4zLDAsMTk3LjUsMCwxOTcuNVYyNjVsNDAwLTAuMXYtNTMuM0M0MDAsMjExLjYsMzQ0LjgsMTg3LjEsMzMzLjQsMTc5eiIvPg0KPHBhdGggZmlsbD0iIzc4OEY5RSIgZD0iTTAsMjY0Ljl2LTU4LjZjMCwwLDguMiwxLjgsMTEuMyw1LjNjMy4xLDMuNiwyNi4xLTQuMiwyNi4xLDQuN3MwLjUsNC4yLDAuNSwxNC44YzAsMTAuNywyMy00LjIsMzguMS0xOC40DQoJczM0LjktNDkuMiwzNi0zNWMxLDE0LjItMTUuMSwzOS4yLTI0LDU2LjRDNzkuMSwyNTEuNCw1MS43LDI2NSw1MS43LDI2NUwwLDI2NC45eiIvPg0KPHBhdGggZmlsbD0iIzc4OEY5RSIgZD0iTTEwMCwyNjVjMCwwLDY2LjctMTI1LjEsNjguMy0xMTYuOHMtNi44LDI5LjcsMi4xLDI2LjFjOC45LTMuNiwxNC42LTE2LDE4LjgtOS41czE2LjIsMzguNiwyMS45LDMzLjgNCgljNS43LTQuNywyMS40LTEzLjEsMjIuNC02LjVjMSw2LjUtMSw1LjMtNS43LDIwLjJDMjIzLjEsMjI3LjEsMjAwLDI2NSwyMDAsMjY1aC0xMGMwLDAsNi0yNC44LDguNi0zNC45YzIuNi0xMC4xLTMuNy0xOS0xMi04LjMNCglzLTIzLDIyLTI0LDE3LjhzLTUuNy0zMC4zLTE4LjgtMTQuMmMtMTMsMTYtMzMuOCwzOS43LTMzLjgsMzkuN2gtMTBWMjY1eiIvPg0KPHBhdGggZmlsbD0iIzc4OEY5RSIgZD0iTTI0NSwyNjVjMCwwLDE5LjgtNTQuNywzMy40LTY0LjJzNTMuNy0yNy45LDQ2LjktMTMuNmMtNi44LDE0LjItMTEsMzQuNC0yMC4zLDQ5LjgNCgljLTkuNCwxNS40LTE4LjgsMjYuMS0xNC4xLDEzLjZjNC43LTEyLjUsNi40LTIzLjMsMy43LTIzLjFDMjcxLjMsMjI5LjEsMjYwLDI2NSwyNjAsMjY1SDI0NXoiLz4NCjwvc3ZnPg0K\");\n    background-position: 50% 50%;\n  }\n  .u-section-3 .u-container-layout-1 {\n    padding-top: 30px;\n    padding-bottom: 30px;\n    padding-left: 60px;\n    padding-right: 60px;\n  }\n  .u-section-3 .u-text-1 {\n    margin-top: 0;\n    margin-bottom: 0;\n    margin-left: auto;\n    margin-right: auto;\n  }\n  .u-section-3 .u-text-2 {\n    width: 409px;\n    margin-top: 20px;\n    margin-left: auto;\n    margin-right: auto;\n    margin-bottom: 0;\n  }\n  .u-block-83d7-34 {\n    border-style: none;\n    font-weight: 700;\n    text-transform: uppercase;\n    font-size: 0.875rem;\n    letter-spacing: 1px;\n    background-image: none;\n    margin-top: 30px;\n    margin-left: auto;\n    margin-right: auto;\n    margin-bottom: 0;\n  }\n  .u-section-3 .u-image-2 {\n    background-image: linear-gradient(0deg, rgba(0,0,0,0.4), rgba(0,0,0,0.4)), url(\"data:image\/svg+xml;base64,PHN2ZyB2ZXJzaW9uPSIxLjEiIGlkPSJkZWZhdWx0LWltYWdlLXNvbGlkIiB4bWxucz0iaHR0cDovL3d3dy53My5vcmcvMjAwMC9zdmciIHg9IjBweCIgeT0iMHB4IiB2aWV3Qm94PSIwIDAgNDAwIDI2NSIgc3R5bGU9IndpZHRoOiA0MDBweDsgaGVpZ2h0OiAyNjVweDsiPg0KPHJlY3QgZmlsbD0iI0M2RDhFMSIgd2lkdGg9IjQwMCIgaGVpZ2h0PSIyNjUiLz4NCjxwYXRoIGZpbGw9IiNEOUUzRTgiIGQ9Ik0zOTUuMyw5Ni4yYy01LTAuOC02LjEsMS4xLTguNSwyLjljLTEtMi4zLTIuNi02LjItNy43LTVjMS41LTUuMy0yLjYtOC40LTcuNy04LjRjLTAuNiwwLTEuMiwwLjEtMS44LDAuMg0KCWMtMS44LTQuMS02LTYuOS0xMC43LTYuOWMtNi41LDAtMTEuOCw1LjMtMTEuOCwxMS44YzAsMC40LDAsMC45LDAuMSwxLjNjLTEuMi0wLjgtMi41LTEuMy0zLjktMS4zYy00LjMsMC03LjksNC4yLTcuOSw5LjQNCgljMCwxLjIsMC4yLDIuNCwwLjYsMy41Yy0wLjUtMC4xLTEtMC4xLTEuNi0wLjFjLTYuOSwwLTEyLjUsNS41LTEyLjcsMTIuNGMtMC45LTAuMi0xLjktMC40LTIuOS0wLjRjLTYuNCwwLTExLjcsNS4yLTEyLjUsMTEuOA0KCWMtMS4yLTAuNC0yLjUtMC42LTMuOS0wLjZjLTUuOSwwLTEwLjgsMy44LTEyLjEsOC45Yy0yLjQtMi01LjUtMy4yLTguOS0zLjJjLTYsMC0xMS4xLDMuNy0xMi44LDguOGMtMS41LTEuNC0zLjgtMi4zLTYuMy0yLjMNCgljLTIuMSwwLTQuMSwwLjYtNS41LDEuN2gtMC4xYy0xLjMtNS41LTYuMi05LjUtMTIuMS05LjVjLTIuNCwwLTQuNywwLjctNi42LDEuOWMtMS40LTAuNy0zLTEuMi00LjgtMS4yYy0wLjMsMC0wLjUsMC0wLjgsMA0KCWMtMS41LTQuMS01LjItNy05LjUtN2MtMy4xLDAtNS45LDEuNS03LjgsMy45Yy0yLjItNC44LTYuOC04LjItMTIuMi04LjJjLTUuNiwwLTEwLjUsMy43LTEyLjUsOC44Yy0yLjEtMC45LTQuNC0xLjUtNi45LTEuNQ0KCWMtNi44LDAtMTIuNSwzLjktMTQuNSw5LjNjLTAuMiwwLTAuNSwwLTAuNywwYy01LjIsMC05LjYsMy4yLTExLjQsNy44Yy0yLjctMi44LTctNC41LTExLjgtNC41Yy0zLjMsMC02LjQsMC45LTguOSwyLjMNCgljLTIuMS02LjUtOC0xMi4yLTE4LjEtOS45Yy0yLjctMi4zLTYuMy0zLjctMTAuMS0zLjdjLTIuNSwwLTQuOCwwLjYtNi45LDEuNmMtMi4yLTUuOS03LjktMTAuMS0xNC42LTEwLjFjLTguNiwwLTE1LjYsNy0xNS42LDE1LjYNCgljMCwwLjksMC4xLDEuNywwLjIsMi41Yy0yLjYtNS03LjgtOC40LTEzLjgtOC40Yy04LjMsMC0xNS4xLDYuNS0xNS42LDE0LjZjLTIuOS0zLjItNy01LjMtMTEuNy01LjNjLTcuNCwwLTEzLjUsNS4xLTE1LjIsMTINCgljLTIuOS0zLjUtOS44LTYtMTQuNy02djExOS4yaDQwMFYxMDJDNDAwLDEwMiw0MDAsOTcsMzk1LjMsOTYuMnoiLz4NCjxwYXRoIGZpbGw9IiM4RUE4QkIiIGQ9Ik00MDAsMjA2LjJjMCwwLTI1LjMtMTkuMi0zMy42LTI1LjdjLTEzLjQtMTAuNi0yMy4xLTEyLjktMzEuNy03cy0yMy45LDE5LjctMjMuOSwxOS43cy01OC45LTYzLjktNjEuNS02Ni40DQoJYy0xLjUtMS40LTMuNi0xLjctNS41LTAuOWMtNS4yLDIuNC0xNy42LDkuNy0yNC41LDEyLjdjLTYuOSwyLjktNDEtNTAuNy00OS42LTUzcy04NC4zLDgzLjMtMTAxLjQsNzUuMXMtMjYuOS0yLjMtMzUuNCwzLjUNCgljLTguNiw1LjktMTEsNS45LTE1LjksOC4ycy0xNy4xLTUuOS0xNy4xLTUuOVYyNjVjMCwwLDQwMCwwLjIsNDAwLDB2LTU4LjhINDAweiIvPg0KPHBhdGggZmlsbD0iIzdFOTZBNiIgZD0iTTMzMy40LDE3OWMtMTMuMS05LjMtNDAsNC42LTU1LjEsMTAuN2MtMjMuNiw5LjYtOTQtNTQuNC0xMDcuMi01OS43YzAsMC00LjIsMy43LTkuNiw3LjYNCgljLTMuNS0wLjQtOC40LTUuNy05LjktNC43Yy00LjYsMy4xLTE3LjgsMTUuNC0yOC4zLDI2LjZjLTEwLjUsMTEuMy0xMS43LDAtMTUuOC0wLjZjLTIuNS0wLjQtNTQuMSw0Mi41LTU4LjcsNDMuMQ0KCUMyMi4zLDIwNS4zLDAsMTk3LjUsMCwxOTcuNVYyNjVsNDAwLTAuMXYtNTMuM0M0MDAsMjExLjYsMzQ0LjgsMTg3LjEsMzMzLjQsMTc5eiIvPg0KPHBhdGggZmlsbD0iIzc4OEY5RSIgZD0iTTAsMjY0Ljl2LTU4LjZjMCwwLDguMiwxLjgsMTEuMyw1LjNjMy4xLDMuNiwyNi4xLTQuMiwyNi4xLDQuN3MwLjUsNC4yLDAuNSwxNC44YzAsMTAuNywyMy00LjIsMzguMS0xOC40DQoJczM0LjktNDkuMiwzNi0zNWMxLDE0LjItMTUuMSwzOS4yLTI0LDU2LjRDNzkuMSwyNTEuNCw1MS43LDI2NSw1MS43LDI2NUwwLDI2NC45eiIvPg0KPHBhdGggZmlsbD0iIzc4OEY5RSIgZD0iTTEwMCwyNjVjMCwwLDY2LjctMTI1LjEsNjguMy0xMTYuOHMtNi44LDI5LjcsMi4xLDI2LjFjOC45LTMuNiwxNC42LTE2LDE4LjgtOS41czE2LjIsMzguNiwyMS45LDMzLjgNCgljNS43LTQuNywyMS40LTEzLjEsMjIuNC02LjVjMSw2LjUtMSw1LjMtNS43LDIwLjJDMjIzLjEsMjI3LjEsMjAwLDI2NSwyMDAsMjY1aC0xMGMwLDAsNi0yNC44LDguNi0zNC45YzIuNi0xMC4xLTMuNy0xOS0xMi04LjMNCglzLTIzLDIyLTI0LDE3LjhzLTUuNy0zMC4zLTE4LjgtMTQuMmMtMTMsMTYtMzMuOCwzOS43LTMzLjgsMzkuN2gtMTBWMjY1eiIvPg0KPHBhdGggZmlsbD0iIzc4OEY5RSIgZD0iTTI0NSwyNjVjMCwwLDE5LjgtNTQuNywzMy40LTY0LjJzNTMuNy0yNy45LDQ2LjktMTMuNmMtNi44LDE0LjItMTEsMzQuNC0yMC4zLDQ5LjgNCgljLTkuNCwxNS40LTE4LjgsMjYuMS0xNC4xLDEzLjZjNC43LTEyLjUsNi40LTIzLjMsMy43LTIzLjFDMjcxLjMsMjI5LjEsMjYwLDI2NSwyNjAsMjY1SDI0NXoiLz4NCjwvc3ZnPg0K\");\n    background-position: 50% 50%;\n  }\n  .u-section-3 .u-container-layout-2 {\n    padding-top: 30px;\n    padding-bottom: 30px;\n    padding-left: 60px;\n    padding-right: 60px;\n  }\n  .u-section-3 .u-text-3 {\n    margin-top: 0;\n    margin-bottom: 0;\n    margin-left: auto;\n    margin-right: auto;\n  }\n  .u-section-3 .u-text-4 {\n    width: 409px;\n    margin-top: 20px;\n    margin-left: auto;\n    margin-right: auto;\n    margin-bottom: 0;\n  }\n  .u-block-83d7-39 {\n    border-style: none;\n    font-weight: 700;\n    text-transform: uppercase;\n    font-size: 0.875rem;\n    letter-spacing: 1px;\n    background-image: none;\n    margin-top: 30px;\n    margin-left: auto;\n    margin-right: auto;\n    margin-bottom: 0;\n  }\n  .u-section-3 .u-carousel-control-1 {\n    width: 38px;\n    height: 38px;\n    background-image: none;\n    left: -58px;\n    position: absolute;\n    right: auto;\n  }\n  .u-section-3 .u-carousel-control-2 {\n    width: 38px;\n    height: 38px;\n    background-image: none;\n    left: auto;\n    position: absolute;\n    right: -58px;\n  }\n}<\/style>\n    <\/section>\n    \n    \n    \n  \n","protected":false},"excerpt":{"rendered":"<p>&nbsp;Cabinet&nbsp;du Dr Agnes Coelho Plac\u00e9&nbsp;\u00e0 Mourenx Sp\u00e9cialiste Qualifi\u00e9e en Orthop\u00e9die-Dento-Faciale&nbsp; 1 bis Avenue de Monein 64150 MOURENX Salle d&rsquo;attente Un espace agr\u00e9able et propice \u00e0 l&rsquo;attente pour vous &#8230; Accueil &#8211; Prise de Rendez- Vous L&rsquo;accueil vous permet de completer les formalit\u00e9s administratives et financieres sans oublier la prise de rendez vous ! Bureau 1&nbsp; &hellip; <a href=\"https:\/\/dr-agnes-coelho-place.fr\/\" class=\"more-link\">Continue reading<span class=\"screen-reader-text\"> \u00ab\u00a0Accueil\u00a0\u00bb<\/span><\/a><\/p>\n","protected":false},"author":1,"featured_media":0,"parent":0,"menu_order":8,"comment_status":"closed","ping_status":"closed","template":"","meta":{"footnotes":""},"_links":{"self":[{"href":"https:\/\/dr-agnes-coelho-place.fr\/index.php\/wp-json\/wp\/v2\/pages\/460"}],"collection":[{"href":"https:\/\/dr-agnes-coelho-place.fr\/index.php\/wp-json\/wp\/v2\/pages"}],"about":[{"href":"https:\/\/dr-agnes-coelho-place.fr\/index.php\/wp-json\/wp\/v2\/types\/page"}],"author":[{"embeddable":true,"href":"https:\/\/dr-agnes-coelho-place.fr\/index.php\/wp-json\/wp\/v2\/users\/1"}],"replies":[{"embeddable":true,"href":"https:\/\/dr-agnes-coelho-place.fr\/index.php\/wp-json\/wp\/v2\/comments?post=460"}],"version-history":[{"count":2,"href":"https:\/\/dr-agnes-coelho-place.fr\/index.php\/wp-json\/wp\/v2\/pages\/460\/revisions"}],"predecessor-version":[{"id":489,"href":"https:\/\/dr-agnes-coelho-place.fr\/index.php\/wp-json\/wp\/v2\/pages\/460\/revisions\/489"}],"wp:attachment":[{"href":"https:\/\/dr-agnes-coelho-place.fr\/index.php\/wp-json\/wp\/v2\/media?parent=460"}],"curies":[{"name":"wp","href":"https:\/\/api.w.org\/{rel}","templated":true}]}}