{"id":459,"date":"2024-07-02T21:59:54","date_gmt":"2024-07-02T19:59:54","guid":{"rendered":"https:\/\/dr-agnes-coelho-place.fr\/index.php\/mentions-legales\/"},"modified":"2024-07-02T22:00:01","modified_gmt":"2024-07-02T20:00:01","slug":"mentions-legales","status":"publish","type":"page","link":"https:\/\/dr-agnes-coelho-place.fr\/index.php\/mentions-legales\/","title":{"rendered":"Mentions L\u00e9gales"},"content":{"rendered":"\n  \n    <section class=\"u-clearfix u-color-scheme-u10 u-color-style-multicolor-1 u-section-1\" id=\"sec-d659\">\n      <div class=\"u-clearfix u-sheet u-sheet-1\">\n        <h2 class=\"u-text u-text-default u-text-1\">Mentions L\u00e9gales<\/h2>\n        <div class=\"u-clearfix u-gutter-0 u-layout-wrap u-layout-wrap-1\">\n          <div class=\"u-gutter-0 u-layout\">\n            <div class=\"u-layout-row\">\n              <div class=\"u-size-30 u-size-60-md\">\n                <div class=\"u-layout-col\">\n                  <div class=\"u-align-left u-container-style u-layout-cell u-left-cell u-size-60 u-layout-cell-1\">\n                    <div class=\"u-container-layout u-container-layout-1\">\n                      <img decoding=\"async\" class=\"u-image u-image-circle u-image-1\" src=\"https:\/\/dr-agnes-coelho-place.fr\/wp-content\/uploads\/2024\/07\/CoelhoPlace64150-4.jpg\" alt=\"\" data-image-width=\"1920\" data-image-height=\"1280\">\n                    <\/div>\n                  <\/div>\n                <\/div>\n              <\/div>\n              <div class=\"u-size-30 u-size-60-md\">\n                <div class=\"u-layout-col\">\n                  <div class=\"u-align-left u-container-style u-layout-cell u-right-cell u-size-20 u-layout-cell-2\">\n                    <div class=\"u-container-layout u-container-layout-2\"><\/div>\n                  <\/div>\n                  <div class=\"u-align-left u-container-style u-layout-cell u-right-cell u-size-40 u-layout-cell-3\">\n                    <div class=\"u-container-layout u-valign-top u-container-layout-3\">\n                      <h4 class=\"u-text u-text-default u-text-2\"> Adresse du site<\/h4>\n                      <p class=\"u-text u-text-3\"> L\u2019adresse de notre site Web est : <br>\n                        <a href=\"https:\/\/dr-agnes-coelho-place.fr\/\" class=\"u-active-none u-border-none u-btn u-button-link u-button-style u-hover-none u-none u-text-palette-3-base u-btn-1\">https:\/\/dr-agnes-coelho-place.fr\/<\/a>\n                      <\/p>\n                      <a href=\"https:\/\/dr-agnes-coelho-place.fr\/\" class=\"u-active-none u-border-2 u-border-palette-1-base u-btn u-btn-rectangle u-button-style u-hover-none u-none u-btn-2\">EN SAVOIR PLUS<\/a>\n                    <\/div>\n                  <\/div>\n                <\/div>\n              <\/div>\n            <\/div>\n          <\/div>\n        <\/div>\n      <\/div>\n    <\/section>\n    <section class=\"u-align-center u-clearfix u-section-2\" id=\"sec-6ca1\">\n      <div class=\"u-clearfix u-sheet u-sheet-1\">\n        <div class=\"u-accordion u-spacing-3 u-accordion-1\">\n          <div class=\"u-accordion-item\">\n            <a class=\"active u-accordion-link u-button-style u-palette-1-base u-text-active-black u-text-grey-60 u-text-hover-black u-accordion-link-1\" id=\"link-accordion-0781\" aria-controls=\"accordion-0781\" aria-selected=\"true\">\n              <span class=\"u-accordion-link-text\"> Propri\u00e9t\u00e9 du site<\/span><span class=\"u-accordion-link-icon u-icon u-text-grey-40 u-icon-1\"><svg class=\"u-svg-link\" preserveAspectRatio=\"xMidYMin slice\" viewBox=\"0 0 512 512\" style=\"\"><use xmlns:xlink=\"http:\/\/www.w3.org\/1999\/xlink\" xlink:href=\"#svg-efcb\"><\/use><\/svg><svg xmlns=\"http:\/\/www.w3.org\/2000\/svg\" xmlns:xlink=\"http:\/\/www.w3.org\/1999\/xlink\" version=\"1.1\" xml:space=\"preserve\" class=\"u-svg-content\" viewBox=\"0 0 512 512\" x=\"0px\" y=\"0px\" id=\"svg-efcb\" style=\"enable-background:new 0 0 512 512;\"><g><g><path d=\"M509.121,125.966c-3.838-3.838-10.055-3.838-13.893,0L256.005,365.194L16.771,125.966c-3.838-3.838-10.055-3.838-13.893,0    c-3.838,3.838-3.838,10.055,0,13.893l246.18,246.175c1.842,1.842,4.337,2.878,6.947,2.878c2.61,0,5.104-1.036,6.946-2.878    l246.17-246.175C512.959,136.021,512.959,129.804,509.121,125.966z\"><\/path>\n<\/g>\n<\/g><\/svg><\/span>\n            <\/a>\n            <div class=\"u-accordion-active u-accordion-pane u-container-style u-accordion-pane-1\" id=\"accordion-0781\" aria-labelledby=\"link-accordion-0781\">\n              <div class=\"u-container-layout u-container-layout-1\">\n                <p class=\"u-text u-text-1\"> Le site&nbsp;\u200bhttps:\/\/dr-agnes-coelho-place.fr\/&nbsp;est la propri\u00e9t\u00e9&nbsp; du Dr Agn\u00e8s Coelho Plac\u00e9, docteur en chirurgie dentaire et orthodentiste&nbsp;(CECSMO).<br>Num RPPS : 10001042984<br>\n                <\/p>\n              <\/div>\n            <\/div>\n          <\/div>\n          <div class=\"u-accordion-item\">\n            <a class=\"u-accordion-link u-button-style u-palette-1-base u-text-active-black u-text-grey-60 u-text-hover-black u-accordion-link-2\" id=\"link-accordion-4c47\" aria-controls=\"accordion-4c47\" aria-selected=\"false\">\n              <span class=\"u-accordion-link-text\"> Contact<\/span><span class=\"u-accordion-link-icon u-icon u-text-grey-40 u-icon-2\"><svg class=\"u-svg-link\" preserveAspectRatio=\"xMidYMin slice\" viewBox=\"0 0 512 512\" style=\"\"><use xmlns:xlink=\"http:\/\/www.w3.org\/1999\/xlink\" xlink:href=\"#svg-55f1\"><\/use><\/svg><svg xmlns=\"http:\/\/www.w3.org\/2000\/svg\" xmlns:xlink=\"http:\/\/www.w3.org\/1999\/xlink\" version=\"1.1\" xml:space=\"preserve\" class=\"u-svg-content\" viewBox=\"0 0 512 512\" x=\"0px\" y=\"0px\" id=\"svg-55f1\" style=\"enable-background:new 0 0 512 512;\"><g><g><path d=\"M509.121,125.966c-3.838-3.838-10.055-3.838-13.893,0L256.005,365.194L16.771,125.966c-3.838-3.838-10.055-3.838-13.893,0    c-3.838,3.838-3.838,10.055,0,13.893l246.18,246.175c1.842,1.842,4.337,2.878,6.947,2.878c2.61,0,5.104-1.036,6.946-2.878    l246.17-246.175C512.959,136.021,512.959,129.804,509.121,125.966z\"><\/path>\n<\/g>\n<\/g><\/svg><\/span>\n            <\/a>\n            <div class=\"u-accordion-pane u-container-style u-accordion-pane-2\" id=\"accordion-4c47\" aria-labelledby=\"link-accordion-4c47\">\n              <div class=\"u-container-layout u-container-layout-2\">\n                <p class=\"u-text u-text-2\"> Adresse : <br> Cabinet d'Orthodontie <br>Dr Agn\u00e8s COELHO-PLAC\u00c9 - 1 bis Avenue de Monein 64150 <br>Mourenx&nbsp; <br>T\u00e9l. \u200b05.59.02.64.92\n                <\/p>\n              <\/div>\n            <\/div>\n          <\/div>\n          <div class=\"u-accordion-item\">\n            <a class=\"u-accordion-link u-button-style u-palette-1-base u-text-active-black u-text-grey-60 u-text-hover-black u-accordion-link-3\" id=\"link-accordion-a910\" aria-controls=\"accordion-a910\" aria-selected=\"false\">\n              <span class=\"u-accordion-link-text\"> Objet du site<\/span><span class=\"u-accordion-link-icon u-icon u-text-grey-40 u-icon-3\"><svg class=\"u-svg-link\" preserveAspectRatio=\"xMidYMin slice\" viewBox=\"0 0 512 512\" style=\"\"><use xmlns:xlink=\"http:\/\/www.w3.org\/1999\/xlink\" xlink:href=\"#svg-6813\"><\/use><\/svg><svg xmlns=\"http:\/\/www.w3.org\/2000\/svg\" xmlns:xlink=\"http:\/\/www.w3.org\/1999\/xlink\" version=\"1.1\" xml:space=\"preserve\" class=\"u-svg-content\" viewBox=\"0 0 512 512\" x=\"0px\" y=\"0px\" id=\"svg-6813\" style=\"enable-background:new 0 0 512 512;\"><g><g><path d=\"M509.121,125.966c-3.838-3.838-10.055-3.838-13.893,0L256.005,365.194L16.771,125.966c-3.838-3.838-10.055-3.838-13.893,0    c-3.838,3.838-3.838,10.055,0,13.893l246.18,246.175c1.842,1.842,4.337,2.878,6.947,2.878c2.61,0,5.104-1.036,6.946-2.878    l246.17-246.175C512.959,136.021,512.959,129.804,509.121,125.966z\"><\/path>\n<\/g>\n<\/g><\/svg><\/span>\n            <\/a>\n            <div class=\"u-accordion-pane u-container-style u-accordion-pane-3\" id=\"accordion-a910\" aria-labelledby=\"link-accordion-a910\">\n              <div class=\"u-container-layout u-container-layout-3\">\n                <p class=\"u-text u-text-3\"> Ce site est con\u00e7u \u00e0 titre purement informatif et est destin\u00e9 \u00e0 tout type de&nbsp;public. Il a \u00e9t\u00e9 r\u00e9alis\u00e9 selon la charte ordinale de qualit\u00e9 relative aux sites&nbsp;Internet et ratifi\u00e9 par le praticien.Les informations fournies sur le pr\u00e9sent site sont destin\u00e9es \u00e0 am\u00e9liorer, non \u00e0&nbsp;remplacer, la relation qui existe entre le patient ou visiteur du site et son&nbsp;docteur.Ces informations permettent \u00e9galement de pr\u00e9senter le cabinet. Ce site est mis&nbsp;gratuitement \u00e0 la disposition afin de fournir des informations sur l\u2019orthodontie et ses diff\u00e9rents traitements,.Le contenu m\u00e9dical a \u00e9t\u00e9 r\u00e9dig\u00e9 par les DrAgn\u00e8s Coelho Plac\u00e9. <br>\n                  <br>Les diff\u00e9rentes vid\u00e9os ont \u00e9t\u00e9 r\u00e9alis\u00e9es par la F\u00e9d\u00e9ration Fran\u00e7aise&nbsp;d\u2019Orthodontie.\n                <\/p>\n              <\/div>\n            <\/div>\n          <\/div>\n          <div class=\"u-accordion-item\">\n            <a class=\"u-accordion-link u-button-style u-palette-1-base u-text-active-black u-text-grey-60 u-text-hover-black u-accordion-link-4\" id=\"link-cb53\" aria-controls=\"cb53\" aria-selected=\"false\">\n              <span class=\"u-accordion-link-text\"> D\u00e9veloppement du site<\/span><span class=\"u-accordion-link-icon u-icon u-text-grey-40 u-icon-4\"><svg class=\"u-svg-link\" preserveAspectRatio=\"xMidYMin slice\" viewBox=\"0 0 16 16\" style=\"\"><use xmlns:xlink=\"http:\/\/www.w3.org\/1999\/xlink\" xlink:href=\"#svg-2dc5\"><\/use><\/svg><svg class=\"u-svg-content\" viewBox=\"0 0 16 16\" x=\"0px\" y=\"0px\" id=\"svg-2dc5\"><path d=\"M8,10.7L1.6,5.3c-0.4-0.4-1-0.4-1.3,0c-0.4,0.4-0.4,0.9,0,1.3l7.2,6.1c0.1,0.1,0.4,0.2,0.6,0.2s0.4-0.1,0.6-0.2l7.1-6\n\tc0.4-0.4,0.4-0.9,0-1.3c-0.4-0.4-1-0.4-1.3,0L8,10.7z\"><\/path><\/svg><\/span>\n            <\/a>\n            <div class=\"u-accordion-pane u-container-style u-accordion-pane-4\" id=\"cb53\" aria-labelledby=\"link-cb53\">\n              <div class=\"u-container-layout u-container-layout-4\">\n                <p class=\"u-text u-text-default u-text-4\"> Le site \u200bhttps:\/\/dr-agnes-coelho-place.fr\/ est d\u00e9velopp\u00e9 et maintenu par Laurence DEJEAN informatique&nbsp;<br>2 Chemin Morlann\u00e9 64160 Saint Castin -&nbsp;https:\/\/dejeanlaurence64.wixsite.com\/dejean\n                <\/p>\n              <\/div>\n            <\/div>\n          <\/div>\n          <div class=\"u-accordion-item\">\n            <a class=\"u-accordion-link u-button-style u-palette-1-base u-text-active-black u-text-grey-60 u-text-hover-black u-accordion-link-5\" id=\"link-f31f\" aria-controls=\"f31f\" aria-selected=\"false\">\n              <span class=\"u-accordion-link-text\"> H\u00e9bergeur et \u00e9diteur du site internet <\/span><span class=\"u-accordion-link-icon u-icon u-text-grey-40 u-icon-5\"><svg class=\"u-svg-link\" preserveAspectRatio=\"xMidYMin slice\" viewBox=\"0 0 16 16\" style=\"\"><use xmlns:xlink=\"http:\/\/www.w3.org\/1999\/xlink\" xlink:href=\"#svg-8d8f\"><\/use><\/svg><svg class=\"u-svg-content\" viewBox=\"0 0 16 16\" x=\"0px\" y=\"0px\" id=\"svg-8d8f\"><path d=\"M8,10.7L1.6,5.3c-0.4-0.4-1-0.4-1.3,0c-0.4,0.4-0.4,0.9,0,1.3l7.2,6.1c0.1,0.1,0.4,0.2,0.6,0.2s0.4-0.1,0.6-0.2l7.1-6\n\tc0.4-0.4,0.4-0.9,0-1.3c-0.4-0.4-1-0.4-1.3,0L8,10.7z\"><\/path><\/svg><\/span>\n            <\/a>\n            <div class=\"u-accordion-pane u-container-style u-accordion-pane-5\" id=\"f31f\" aria-labelledby=\"link-f31f\">\n              <div class=\"u-container-layout u-container-layout-5\">\n                <p class=\"u-text u-text-default u-text-5\"> OVH <br>\n                  <br>SAS au capital de 10 174 560 \u20ac <br>RCS Lille M\u00e9tropole 424 761 419 00045 <br>Code APE 2620Z <br>N\u00b0 TVA : FR 22 424 761 419 <br>Si\u00e8ge social : 2 rue Kellermann - 59100 Roubaix - France\n                <\/p>\n              <\/div>\n            <\/div>\n          <\/div>\n          <div class=\"u-accordion-item\">\n            <a class=\"u-accordion-link u-button-style u-palette-1-base u-text-active-black u-text-grey-60 u-text-hover-black u-accordion-link-6\" id=\"link-4f07\" aria-controls=\"4f07\" aria-selected=\"false\">\n              <span class=\"u-accordion-link-text\"> Propri\u00e9t\u00e9 intellectuelle<\/span><span class=\"u-accordion-link-icon u-icon u-text-grey-40 u-icon-6\"><svg class=\"u-svg-link\" preserveAspectRatio=\"xMidYMin slice\" viewBox=\"0 0 16 16\" style=\"\"><use xmlns:xlink=\"http:\/\/www.w3.org\/1999\/xlink\" xlink:href=\"#svg-93c6\"><\/use><\/svg><svg class=\"u-svg-content\" viewBox=\"0 0 16 16\" x=\"0px\" y=\"0px\" id=\"svg-93c6\"><path d=\"M8,10.7L1.6,5.3c-0.4-0.4-1-0.4-1.3,0c-0.4,0.4-0.4,0.9,0,1.3l7.2,6.1c0.1,0.1,0.4,0.2,0.6,0.2s0.4-0.1,0.6-0.2l7.1-6\n\tc0.4-0.4,0.4-0.9,0-1.3c-0.4-0.4-1-0.4-1.3,0L8,10.7z\"><\/path><\/svg><\/span>\n            <\/a>\n            <div class=\"u-accordion-pane u-container-style u-accordion-pane-6\" id=\"4f07\" aria-labelledby=\"link-4f07\">\n              <div class=\"u-container-layout u-container-layout-6\">\n                <p class=\"u-text u-text-default u-text-6\">\n                  <br>L\u2019int\u00e9gralit\u00e9 du site se d\u00e9finit comme une base de donn\u00e9es au sens de la&nbsp;directive du 11 mars 1996 et de sa transposition en droit fran\u00e7ais dans la loi du&nbsp;1er juillet 1998 (art. L.341-1 et suivants). A ce titre, le Dr Agn\u00e8s Coelho Plac\u00e9 autorise exclusivement les usages et acc\u00e8s d\u00e9finis&nbsp;ci-dessous.Tout le contenu du site, les graphismes, images, textes, vid\u00e9os, logos et ic\u00f4nes&nbsp;ainsi que leur mise en forme est soumis au droit de propri\u00e9t\u00e9 intellectuelle d&nbsp;Du Dr Agn\u00e8s Coelho Plac\u00e9 au titre du droit d\u2019auteur sur&nbsp;ces \u00e9l\u00e9ments ou sur le site en tant qu\u2019oeuvre d\u2019auteur ou en tant que base de&nbsp;donn\u00e9es (conform\u00e9ment \u00e0 l\u2019art. L.341-1 al.1 du code de la propri\u00e9t\u00e9&nbsp;intellectuelle).Les marques, logos ou contenus appartenant \u00e0 d\u2019autres soci\u00e9t\u00e9s partenaires ou&nbsp;auteurs ne sont mentionn\u00e9es qu\u2019\u00e0 titre signal\u00e9tique.&nbsp;Tous les textes reproduits sur le site sont la r\u00e9daction et la propri\u00e9t\u00e9 du  Dr Agn\u00e8s Coelho Plac\u00e9. L\u2019usage de ceux-ci s\u2019effectue dans&nbsp;les conditions habituelles du droit d\u2019auteur tel que d\u00e9finit par le code de la&nbsp;propri\u00e9t\u00e9 intellectuelle fran\u00e7aise, et conforme \u00e0 la Convention de Berne et&nbsp;accords internationaux subs\u00e9quents.Toute reproduction, distribution, modification, retransmission, enregistrement,&nbsp;copie ou publication de ces diff\u00e9rents \u00e9l\u00e9ments est strictement interdit sans&nbsp;l\u2019accord expr\u00e8s par \u00e9crit du  Dr Agn\u00e8s Coelho Plac\u00e9.Tout manquement aux r\u00e8gles du droit d\u2019auteur ou du droit des bases de&nbsp;donn\u00e9es est passible de sanctions p\u00e9nales au titre du d\u00e9lit de contrefa\u00e7on.&nbsp;Tous liens hypertextes pointant vers une page du site est libre, \u00e0 condition qu\u2019il&nbsp;s\u2019ouvre dans une nouvelle fen\u00eatre et soit pr\u00e9sent\u00e9e de mani\u00e8re non \u00e9quivoque&nbsp;afin d\u2019\u00e9viter tout risque de confusion entre le site citant et le site, ainsi que&nbsp;toute pr\u00e9sentation tendancieuse ou au contraire aux lois en vigueur. <br>\n                  <br>Confidentialit\u00e9 <br> Dr Agn\u00e8s Coelho Plac\u00e9 est responsables du&nbsp;traitement des donn\u00e9es \u00e0 caract\u00e8re personnel.&nbsp;Les informations personnelles concernant les visiteurs du site, y compris leur&nbsp;identit\u00e9, sont confidentielles.Le Dr Agn\u00e8s Coelho Plac\u00e9 s\u2019engage sur l\u2019honneur \u00e0&nbsp;respecter les conditions l\u00e9gales de confidentialit\u00e9 applicables en France et \u00e0 ne&nbsp;pas divulguer ces informations \u00e0 des tiers. <br> Le site internet utilise un fichier local de session (\u00e9galement appel\u00e9 cookie, non&nbsp;conserv\u00e9 une fois que votre fen\u00eatre de navigateur est ferm\u00e9e) pour faciliter la&nbsp;navigation. <br>\n                  <br> Publicit\u00e9 et financement <br> Ce site n\u2019accueille aucune forme de publicit\u00e9.Le site a \u00e9t\u00e9 financ\u00e9 par le Dr Agn\u00e8s Coelho Plac\u00e9 sans aucun financement ext\u00e9rieur. Les informations fournies ne constituent en aucune mani\u00e8re une forme de publicit\u00e9. Ce site ne constitue en aucun cas un d\u00e9marchage. <br>\n                  <br>\n                <\/p>\n              <\/div>\n            <\/div>\n          <\/div>\n        <\/div>\n      <\/div>\n    <\/section>\n    \n    \n    \n  \n","protected":false},"excerpt":{"rendered":"<p>Mentions L\u00e9gales Adresse du site L\u2019adresse de notre site Web est : https:\/\/dr-agnes-coelho-place.fr\/ EN SAVOIR PLUS Propri\u00e9t\u00e9 du site Le site&nbsp;\u200bhttps:\/\/dr-agnes-coelho-place.fr\/&nbsp;est la propri\u00e9t\u00e9&nbsp; du Dr Agn\u00e8s Coelho Plac\u00e9, docteur en chirurgie dentaire et orthodentiste&nbsp;(CECSMO).Num RPPS : 10001042984 Contact Adresse : Cabinet d&rsquo;Orthodontie Dr Agn\u00e8s COELHO-PLAC\u00c9 &#8211; 1 bis Avenue de Monein 64150 Mourenx&nbsp; T\u00e9l. \u200b05.59.02.64.92 &hellip; <a href=\"https:\/\/dr-agnes-coelho-place.fr\/index.php\/mentions-legales\/\" class=\"more-link\">Continue reading<span class=\"screen-reader-text\"> \u00ab\u00a0Mentions L\u00e9gales\u00a0\u00bb<\/span><\/a><\/p>\n","protected":false},"author":1,"featured_media":0,"parent":0,"menu_order":7,"comment_status":"closed","ping_status":"closed","template":"","meta":{"footnotes":""},"_links":{"self":[{"href":"https:\/\/dr-agnes-coelho-place.fr\/index.php\/wp-json\/wp\/v2\/pages\/459"}],"collection":[{"href":"https:\/\/dr-agnes-coelho-place.fr\/index.php\/wp-json\/wp\/v2\/pages"}],"about":[{"href":"https:\/\/dr-agnes-coelho-place.fr\/index.php\/wp-json\/wp\/v2\/types\/page"}],"author":[{"embeddable":true,"href":"https:\/\/dr-agnes-coelho-place.fr\/index.php\/wp-json\/wp\/v2\/users\/1"}],"replies":[{"embeddable":true,"href":"https:\/\/dr-agnes-coelho-place.fr\/index.php\/wp-json\/wp\/v2\/comments?post=459"}],"version-history":[{"count":1,"href":"https:\/\/dr-agnes-coelho-place.fr\/index.php\/wp-json\/wp\/v2\/pages\/459\/revisions"}],"predecessor-version":[{"id":471,"href":"https:\/\/dr-agnes-coelho-place.fr\/index.php\/wp-json\/wp\/v2\/pages\/459\/revisions\/471"}],"wp:attachment":[{"href":"https:\/\/dr-agnes-coelho-place.fr\/index.php\/wp-json\/wp\/v2\/media?parent=459"}],"curies":[{"name":"wp","href":"https:\/\/api.w.org\/{rel}","templated":true}]}}