{"id":458,"date":"2024-07-02T21:59:53","date_gmt":"2024-07-02T19:59:53","guid":{"rendered":"https:\/\/dr-agnes-coelho-place.fr\/index.php\/equipe\/"},"modified":"2024-07-02T22:27:09","modified_gmt":"2024-07-02T20:27:09","slug":"equipe","status":"publish","type":"page","link":"https:\/\/dr-agnes-coelho-place.fr\/index.php\/equipe\/","title":{"rendered":"Equipe"},"content":{"rendered":"\n    \n    <section class=\"u-align-center u-black u-clearfix u-section-2\" id=\"sec-a97b\">\n      <div class=\"u-clearfix u-sheet u-sheet-1\">\n        <h1 class=\"u-text u-text-default u-text-1\">Notre \u00e9quipe<\/h1>\n        <p class=\"u-text u-text-default u-text-2\">Des sourires accueillants au Cabinet du Dr Agn\u00e8s Coelho Plac\u00e9 vous attendent \u00e0 Mourenx.<\/p>\n        <div class=\"u-expanded-width u-list u-list-1\">\n          <div class=\"u-repeater u-repeater-1\">\n            <div class=\"u-align-center u-container-style u-list-item u-repeater-item\">\n              <div class=\"u-container-layout u-similar-container u-container-layout-1\">\n                <h4 class=\"u-align-center u-text u-text-default u-text-3\"> Dr Agn\u00e8s \u200bCOELHO-PLAC\u00c9<\/h4>\n                <div alt=\"\" class=\"u-image u-image-circle u-image-1\" data-image-width=\"835\" data-image-height=\"1024\" style=\"background-image: url(&quot;https:\/\/dr-agnes-coelho-place.fr\/wp-content\/uploads\/2024\/07\/cropped-cropped-DrCoelhoPlace-scaled-3-835x1024-5.jpg&quot;);\"><\/div>\n                <p class=\"u-text u-text-default u-text-palette-1-base u-text-4\"> Chirurgien-Dentiste Sp\u00e9cialiste qualifi\u00e9e en Orthodontie<\/p>\n                <p class=\"u-text u-text-5\">Le Docteur \u200bAgn\u00e8s \u200bCOELHO-PLAC\u00c9 est sp\u00e9cialis\u00e9e en orthop\u00e9die dento-faciale.Elle a obtenu son Certificat d\u2019Etudes Cliniques Sp\u00e9ciales Mention Orthodontie (CECSMO) et elle est dipl\u00f4m\u00e9e de la Facult\u00e9 de Bordeaux en chirurgie dentaire et&nbsp;OrthoSp\u00e9 .<br>\n                  <br>Num RPPS : 10001042984<br>N\u00b0 Ordre : 64 4 75788 2 \n                <\/p>\n              <\/div>\n            <\/div>\n            <div class=\"u-align-center u-container-style u-list-item u-repeater-item\">\n              <div class=\"u-container-layout u-similar-container u-container-layout-2\">\n                <h4 class=\"u-align-center u-text u-text-default u-text-6\"> Virginie<\/h4>\n                <div alt=\"\" class=\"u-image u-image-circle u-image-2\" data-image-width=\"1280\" data-image-height=\"1920\" style=\"background-image: url(&quot;https:\/\/dr-agnes-coelho-place.fr\/wp-content\/uploads\/2024\/07\/Virginie-1-4.jpg&quot;);\"><\/div>\n                <p class=\"u-text u-text-default u-text-palette-1-base u-text-7\"> Secr\u00e9taire m\u00e9dicale<\/p>\n                <p class=\"u-text u-text-8\">\n                  <br>Virginie vous accueille au cabinet et par t\u00e9l\u00e9phone.&nbsp;<br>\n                  <br>Accueil physique et t\u00e9l\u00e9phonique<br>Gestion du planning et des paiements \n                <\/p>\n              <\/div>\n            <\/div>\n            <div class=\"u-align-center u-container-style u-list-item u-repeater-item\">\n              <div class=\"u-container-layout u-similar-container u-container-layout-3\">\n                <h4 class=\"u-align-center u-text u-text-default u-text-9\"> Coralie<\/h4>\n                <div alt=\"\" class=\"u-image u-image-circle u-image-3\" data-image-width=\"852\" data-image-height=\"1090\" style=\"background-image: url(&quot;https:\/\/dr-agnes-coelho-place.fr\/wp-content\/uploads\/2024\/07\/Coralie-2-4.png&quot;);\"><\/div>\n                <p class=\"u-text u-text-default u-text-palette-1-base u-text-10\"> Assitante dentaire conseil<\/p>\n                <p class=\"u-text u-text-11\">\n                  <br>Coralie aide \u00e0 la prise en charge des patients lors de la premi\u00e8re consultation et lors des rendez-vous de pr\u00e9sentation du plan de traitement.<br>\n                  <br>Gestion de la proth\u00e8se et des traitements par goutti\u00e8res. \n                <\/p>\n              <\/div>\n            <\/div>\n          <\/div>\n        <\/div>\n      <\/div>\n    <\/section>\n    \n    \n    \n  \n","protected":false},"excerpt":{"rendered":"<p>Notre \u00e9quipe Des sourires accueillants au Cabinet du Dr Agn\u00e8s Coelho Plac\u00e9 vous attendent \u00e0 Mourenx. Dr Agn\u00e8s \u200bCOELHO-PLAC\u00c9 Chirurgien-Dentiste Sp\u00e9cialiste qualifi\u00e9e en Orthodontie Le Docteur \u200bAgn\u00e8s \u200bCOELHO-PLAC\u00c9 est sp\u00e9cialis\u00e9e en orthop\u00e9die dento-faciale.Elle a obtenu son Certificat d\u2019Etudes Cliniques Sp\u00e9ciales Mention Orthodontie (CECSMO) et elle est dipl\u00f4m\u00e9e de la Facult\u00e9 de Bordeaux en chirurgie dentaire &hellip; <a href=\"https:\/\/dr-agnes-coelho-place.fr\/index.php\/equipe\/\" class=\"more-link\">Continue reading<span class=\"screen-reader-text\"> \u00ab\u00a0Equipe\u00a0\u00bb<\/span><\/a><\/p>\n","protected":false},"author":1,"featured_media":0,"parent":0,"menu_order":6,"comment_status":"closed","ping_status":"closed","template":"","meta":{"footnotes":""},"_links":{"self":[{"href":"https:\/\/dr-agnes-coelho-place.fr\/index.php\/wp-json\/wp\/v2\/pages\/458"}],"collection":[{"href":"https:\/\/dr-agnes-coelho-place.fr\/index.php\/wp-json\/wp\/v2\/pages"}],"about":[{"href":"https:\/\/dr-agnes-coelho-place.fr\/index.php\/wp-json\/wp\/v2\/types\/page"}],"author":[{"embeddable":true,"href":"https:\/\/dr-agnes-coelho-place.fr\/index.php\/wp-json\/wp\/v2\/users\/1"}],"replies":[{"embeddable":true,"href":"https:\/\/dr-agnes-coelho-place.fr\/index.php\/wp-json\/wp\/v2\/comments?post=458"}],"version-history":[{"count":2,"href":"https:\/\/dr-agnes-coelho-place.fr\/index.php\/wp-json\/wp\/v2\/pages\/458\/revisions"}],"predecessor-version":[{"id":486,"href":"https:\/\/dr-agnes-coelho-place.fr\/index.php\/wp-json\/wp\/v2\/pages\/458\/revisions\/486"}],"wp:attachment":[{"href":"https:\/\/dr-agnes-coelho-place.fr\/index.php\/wp-json\/wp\/v2\/media?parent=458"}],"curies":[{"name":"wp","href":"https:\/\/api.w.org\/{rel}","templated":true}]}}