{"id":456,"date":"2024-07-02T21:59:51","date_gmt":"2024-07-02T19:59:51","guid":{"rendered":"https:\/\/dr-agnes-coelho-place.fr\/index.php\/soins-adultes\/"},"modified":"2024-07-02T22:00:00","modified_gmt":"2024-07-02T20:00:00","slug":"soins-adultes","status":"publish","type":"page","link":"https:\/\/dr-agnes-coelho-place.fr\/index.php\/soins-adultes\/","title":{"rendered":"Soins Adultes"},"content":{"rendered":"\n  \n    <section class=\"u-black u-clearfix u-section-1\" id=\"sec-4eed\">\n      <div class=\"u-clearfix u-sheet u-sheet-1\">\n        <div class=\"fr-view u-align-center u-clearfix u-rich-text u-text u-text-1\">\n          <h2 id=\"isPasted\">Adultes<\/h2>\n          <p id=\"isPasted\">Les traitements chez l\u2019adulte sont de plus en plus fr\u00e9quents, car l\u2019envie d\u2019un sourire esth\u00e9tique est grandissante. Ces traitements rentrent \u00e9galement dans le cadre de traitements pluri-disciplinaires, avec le chirurgien-dentiste, pour une r\u00e9habilitation proth\u00e9tique, implantaire ou parodontale, le chirurgien maxillofacial, ou l\u2019ORL, dans le cadre d\u2019apn\u00e9e du sommeil.<br style=\"box-sizing: border-box; margin: 0px; padding: 0px; outline: 0px; color: rgb(142, 157, 174); font-family: &quot;Open Sans&quot;, sans-serif; font-size: 16px; font-style: normal; font-variant-ligatures: normal; font-variant-caps: normal; font-weight: 400; letter-spacing: normal; orphans: 2; text-align: left; text-indent: 0px; text-transform: none; white-space: normal; widows: 2; word-spacing: 0px; -webkit-text-stroke-width: 0px; background-color: rgb(245, 250, 253); text-decoration-thickness: initial; text-decoration-style: initial; text-decoration-color: initial;\" id=\"isPasted\">Les nouvelles technologies nous permettent d\u2019obtenir des traitements \u00e0 la fois discrets et sur-mesures\n          <\/p>\n          <hr>\n          <p>&nbsp;<span style=\"line-height: 2.0;\">\n              <img decoding=\"async\" src=\"https:\/\/dr-agnes-coelho-place.fr\/wp-content\/uploads\/2024\/07\/consult-4.png\" align=\"center\" style=\"width: 446px;\" class=\"fr-dib fr-fic\" width=\"570\">\n            <\/span>\n          <\/p>\n        <\/div>\n      <\/div>\n    <\/section>\n    <section class=\"u-align-center u-black u-clearfix u-section-2\" id=\"sec-4f5d\">\n      <div class=\"u-clearfix u-sheet u-sheet-1\">\n        <h2 class=\"u-text u-text-default u-text-1\">Les traitements possibles<\/h2>\n        <div class=\"u-expanded-width u-list u-list-1\">\n          <div class=\"u-repeater u-repeater-1\">\n            <div class=\"u-container-style u-image u-image-round u-list-item u-radius-8 u-repeater-item u-image-1\" data-image-width=\"1440\" data-image-height=\"1920\" style=\"background-image: url(&quot;https:\/\/dr-agnes-coelho-place.fr\/wp-content\/uploads\/2024\/07\/IMG_9149-3.jpg&quot;);\">\n              <div class=\"u-container-layout u-similar-container u-container-layout-1\">\n                <h3 class=\"u-align-center u-text u-text-body-alt-color u-text-default u-text-2\"> Traitements multi-attache c\u00e9ramique<br>\n                <\/h3>\n              <\/div>\n            <\/div>\n            <div class=\"u-container-style u-image u-image-round u-list-item u-radius-8 u-repeater-item u-image-2\" data-image-width=\"1440\" data-image-height=\"1920\" style=\"background-image: url(&quot;https:\/\/dr-agnes-coelho-place.fr\/wp-content\/uploads\/2024\/07\/IMG_9151-3.jpg&quot;);\">\n              <div class=\"u-container-layout u-similar-container u-container-layout-2\">\n                <h3 class=\"u-align-center u-text u-text-body-alt-color u-text-default u-text-3\"> Traitements individualis\u00e9s par goutti\u00e8res<br>\n                <\/h3>\n              <\/div>\n            <\/div>\n          <\/div>\n        <\/div>\n      <\/div>\n    <\/section>\n    \n    \n    \n  \n","protected":false},"excerpt":{"rendered":"<p>Adultes Les traitements chez l\u2019adulte sont de plus en plus fr\u00e9quents, car l\u2019envie d\u2019un sourire esth\u00e9tique est grandissante. Ces traitements rentrent \u00e9galement dans le cadre de traitements pluri-disciplinaires, avec le chirurgien-dentiste, pour une r\u00e9habilitation proth\u00e9tique, implantaire ou parodontale, le chirurgien maxillofacial, ou l\u2019ORL, dans le cadre d\u2019apn\u00e9e du sommeil.Les nouvelles technologies nous permettent d\u2019obtenir des &hellip; <a href=\"https:\/\/dr-agnes-coelho-place.fr\/index.php\/soins-adultes\/\" class=\"more-link\">Continue reading<span class=\"screen-reader-text\"> \u00ab\u00a0Soins Adultes\u00a0\u00bb<\/span><\/a><\/p>\n","protected":false},"author":1,"featured_media":0,"parent":0,"menu_order":4,"comment_status":"closed","ping_status":"closed","template":"","meta":{"footnotes":""},"_links":{"self":[{"href":"https:\/\/dr-agnes-coelho-place.fr\/index.php\/wp-json\/wp\/v2\/pages\/456"}],"collection":[{"href":"https:\/\/dr-agnes-coelho-place.fr\/index.php\/wp-json\/wp\/v2\/pages"}],"about":[{"href":"https:\/\/dr-agnes-coelho-place.fr\/index.php\/wp-json\/wp\/v2\/types\/page"}],"author":[{"embeddable":true,"href":"https:\/\/dr-agnes-coelho-place.fr\/index.php\/wp-json\/wp\/v2\/users\/1"}],"replies":[{"embeddable":true,"href":"https:\/\/dr-agnes-coelho-place.fr\/index.php\/wp-json\/wp\/v2\/comments?post=456"}],"version-history":[{"count":1,"href":"https:\/\/dr-agnes-coelho-place.fr\/index.php\/wp-json\/wp\/v2\/pages\/456\/revisions"}],"predecessor-version":[{"id":468,"href":"https:\/\/dr-agnes-coelho-place.fr\/index.php\/wp-json\/wp\/v2\/pages\/456\/revisions\/468"}],"wp:attachment":[{"href":"https:\/\/dr-agnes-coelho-place.fr\/index.php\/wp-json\/wp\/v2\/media?parent=456"}],"curies":[{"name":"wp","href":"https:\/\/api.w.org\/{rel}","templated":true}]}}