{"id":455,"date":"2024-07-02T21:59:50","date_gmt":"2024-07-02T19:59:50","guid":{"rendered":"https:\/\/dr-agnes-coelho-place.fr\/index.php\/contact\/"},"modified":"2024-07-02T22:00:00","modified_gmt":"2024-07-02T20:00:00","slug":"contact","status":"publish","type":"page","link":"https:\/\/dr-agnes-coelho-place.fr\/index.php\/contact\/","title":{"rendered":"Contact"},"content":{"rendered":"\n  \n    <section class=\"u-align-center u-black u-clearfix u-section-1\" id=\"sec-b071\">\n      <div class=\"u-clearfix u-sheet u-sheet-1\">\n        <h2 class=\"u-text u-text-default u-text-1\">Nous trouver<\/h2>\n        <p class=\"u-text u-text-2\">Situation id\u00e9ale :&nbsp;&nbsp;<br>20 min de Pau Nord<br>20 min d'Orthez<br>5 min d'Artix.<br>\n          <br>Le Cabinet se situe \u00e0 proximit\u00e9 des groupes scolaires.\n        <\/p>\n        <div class=\"u-align-left u-expanded-width u-grey-10 u-map u-map-1\">\n          <div class=\"embed-responsive\">\n            <iframe class=\"embed-responsive-item\" src=\"\/\/maps.google.com\/maps?output=embed&amp;q=1%20bis%20Avenue%20de%20Monein%2064150%20MOURENX&amp;t=m\" data-map=\"JTdCJTIyYWRkcmVzcyUyMiUzQSUyMjElMjBiaXMlMjBBdmVudWUlMjBkZSUyME1vbmVpbiUyMDY0MTUwJTIwTU9VUkVOWCUyMiUyQyUyMnpvb20lMjIlM0ElMjIlMjIlMkMlMjJ0eXBlSWQlMjIlM0ElMjJyb2FkJTIyJTJDJTIybGFuZyUyMiUzQW51bGwlMkMlMjJhcGlLZXklMjIlM0FudWxsJTJDJTIybWFya2VycyUyMiUzQSU1QiU1RCU3RA==\"><\/iframe>\n          <\/div>\n        <\/div>\n        <div class=\"u-clearfix u-expanded-width u-layout-wrap u-layout-wrap-1\">\n          <div class=\"u-gutter-0 u-layout\">\n            <div class=\"u-layout-row\">\n              <div class=\"u-align-left u-container-style u-layout-cell u-left-cell u-palette-1-base u-size-30 u-layout-cell-1\">\n                <div class=\"u-container-layout u-valign-top u-container-layout-1\">\n                  <h4 class=\"u-text u-text-3\"> Cabinet d'Orthodontie<\/h4>\n                  <p class=\"u-text u-text-4\">1 bis Avenue de Monein 64150 MOURENX<\/p>\n                <\/div>\n              <\/div>\n              <div class=\"u-align-left u-container-style u-layout-cell u-palette-1-base u-right-cell u-size-30 u-layout-cell-2\">\n                <div class=\"u-container-layout u-container-layout-2\">\n                  <p class=\"u-text u-text-5\">Parking - Acc\u00e8s Handicap\u00e9<\/p>\n                <\/div>\n              <\/div>\n            <\/div>\n          <\/div>\n        <\/div>\n      <\/div>\n    <\/section>\n    \n    \n    \n  \n","protected":false},"excerpt":{"rendered":"<p>Nous trouver Situation id\u00e9ale :&nbsp;&nbsp;20 min de Pau Nord20 min d&rsquo;Orthez5 min d&rsquo;Artix. Le Cabinet se situe \u00e0 proximit\u00e9 des groupes scolaires. Cabinet d&rsquo;Orthodontie 1 bis Avenue de Monein 64150 MOURENX Parking &#8211; Acc\u00e8s Handicap\u00e9<\/p>\n","protected":false},"author":1,"featured_media":0,"parent":0,"menu_order":3,"comment_status":"closed","ping_status":"closed","template":"","meta":{"footnotes":""},"_links":{"self":[{"href":"https:\/\/dr-agnes-coelho-place.fr\/index.php\/wp-json\/wp\/v2\/pages\/455"}],"collection":[{"href":"https:\/\/dr-agnes-coelho-place.fr\/index.php\/wp-json\/wp\/v2\/pages"}],"about":[{"href":"https:\/\/dr-agnes-coelho-place.fr\/index.php\/wp-json\/wp\/v2\/types\/page"}],"author":[{"embeddable":true,"href":"https:\/\/dr-agnes-coelho-place.fr\/index.php\/wp-json\/wp\/v2\/users\/1"}],"replies":[{"embeddable":true,"href":"https:\/\/dr-agnes-coelho-place.fr\/index.php\/wp-json\/wp\/v2\/comments?post=455"}],"version-history":[{"count":1,"href":"https:\/\/dr-agnes-coelho-place.fr\/index.php\/wp-json\/wp\/v2\/pages\/455\/revisions"}],"predecessor-version":[{"id":467,"href":"https:\/\/dr-agnes-coelho-place.fr\/index.php\/wp-json\/wp\/v2\/pages\/455\/revisions\/467"}],"wp:attachment":[{"href":"https:\/\/dr-agnes-coelho-place.fr\/index.php\/wp-json\/wp\/v2\/media?parent=455"}],"curies":[{"name":"wp","href":"https:\/\/api.w.org\/{rel}","templated":true}]}}