{"id":453,"date":"2024-07-02T21:59:48","date_gmt":"2024-07-02T19:59:48","guid":{"rendered":"https:\/\/dr-agnes-coelho-place.fr\/index.php\/soins-enfants\/"},"modified":"2024-07-02T22:09:27","modified_gmt":"2024-07-02T20:09:27","slug":"soins-enfants","status":"publish","type":"page","link":"https:\/\/dr-agnes-coelho-place.fr\/index.php\/soins-enfants\/","title":{"rendered":"Soins Enfants"},"content":{"rendered":"\n    \n    <section class=\"u-black u-clearfix u-section-2\" id=\"sec-4eed\">\n      <div class=\"u-clearfix u-sheet u-sheet-1\">\n        <div class=\"fr-view u-align-center u-clearfix u-rich-text u-text u-text-1\">\n          <h2 id=\"isPasted\">Enfants en denture temporaires ou mixte (moins de 12 ans)<\/h2>\n          <p style=\"text-align: center;\">Nous chercherons \u00e0 cet \u00e2ge \u00e0 intercepter les probl\u00e8mes qui g\u00eanent le bon d\u00e9roulement de la croissance des m\u00e2choires de l\u2019enfant, on parle de traitement interceptif ou orthop\u00e9dique.<br style=\"box-sizing: border-box; margin: 0px; padding: 0px; outline: 0px; color: rgb(142, 157, 174); font-family: &quot;Open Sans&quot;, sans-serif; font-size: 16px; font-style: normal; font-variant-ligatures: normal; font-variant-caps: normal; font-weight: 400; letter-spacing: normal; orphans: 2; text-align: left; text-indent: 0px; text-transform: none; white-space: normal; widows: 2; word-spacing: 0px; -webkit-text-stroke-width: 0px; background-color: rgb(245, 250, 253); text-decoration-thickness: initial; text-decoration-style: initial; text-decoration-color: initial;\" id=\"isPasted\">3 actions pr\u00e9dominent : \n          <\/p>\n          <hr>\n          <p>&nbsp;<span style=\"line-height: 2.0;\">\n              <img decoding=\"async\" src=\"https:\/\/dr-agnes-coelho-place.fr\/wp-content\/uploads\/2024\/07\/IMG_2030-4.jpg\" align=\"center\" style=\"width: 583px;\" class=\"fr-dib fr-fic\" width=\"570\">\n            <\/span>\n          <\/p>\n        <\/div>\n        <ul class=\"u-align-left u-custom-list u-text u-text-2\">\n          <li>\n            <div class=\"u-list-icon\">\n              <svg xmlns=\"http:\/\/www.w3.org\/2000\/svg\" xmlns:xlink=\"http:\/\/www.w3.org\/1999\/xlink\" version=\"1.1\" xml:space=\"preserve\" class=\"u-svg-content\" viewBox=\"0 0 512 512\" id=\"svg-f6e4\"><path d=\"m306.2 45.8c-21.8-21.8-57.2-21.8-79.1 0s-21.8 57.2 0 79.1l77.8 77.8h-251.6c-29.4 0-53.3 23.9-53.3 53.3 0 29.5 23.9 53.3 53.3 53.3h251.6l-77.8 77.8c-21.8 21.8-21.8 57.2 0 79.1s57.2 21.8 79.1 0l202.7-202.7c4.2-4.2 4.2-10.9 0-15.1z\" fill=\"#ff9800\"><\/path><path d=\"m266.7 482.6c-30.9 0-55.9-25-56-55.8 0-14.9 5.9-29.1 16.4-39.6l77.8-77.8h-251.6c-29.4-.1-53.3-23.9-53.3-53.4s23.9-53.3 53.3-53.3h251.6l-77.8-77.8c-21.8-21.8-21.8-57.2 0-79.1s57.2-21.8 79.1 0l202.7 202.7c4.2 4.2 4.2 10.9 0 15.1l-202.7 202.6c-10.5 10.5-24.7 16.4-39.5 16.4zm-213.4-258.6c-17.7 0-32 14.3-32 32s14.3 32 32 32h277.3c5.9 0 10.7 4.8 10.7 10.6 0 2.8-1.1 5.6-3.1 7.6l-96 96c-13.5 13.5-13.5 35.4 0 48.9s35.4 13.5 48.9 0l195.2-195.1-195.2-195.1c-13.5-13.5-35.4-13.5-48.9 0s-13.5 35.4 0 48.9l96 96c4.2 4.2 4.2 10.9 0 15.1-2 2-4.7 3.1-7.6 3.1z\"><\/path><\/svg>\n            <\/div> l\u2019\u00e9largissement du palais \n          <\/li>\n          <li>\n            <div class=\"u-list-icon\">\n              <svg xmlns=\"http:\/\/www.w3.org\/2000\/svg\" xmlns:xlink=\"http:\/\/www.w3.org\/1999\/xlink\" version=\"1.1\" xml:space=\"preserve\" class=\"u-svg-content\" viewBox=\"0 0 512 512\" id=\"svg-f6e4\"><path d=\"m306.2 45.8c-21.8-21.8-57.2-21.8-79.1 0s-21.8 57.2 0 79.1l77.8 77.8h-251.6c-29.4 0-53.3 23.9-53.3 53.3 0 29.5 23.9 53.3 53.3 53.3h251.6l-77.8 77.8c-21.8 21.8-21.8 57.2 0 79.1s57.2 21.8 79.1 0l202.7-202.7c4.2-4.2 4.2-10.9 0-15.1z\" fill=\"#ff9800\"><\/path><path d=\"m266.7 482.6c-30.9 0-55.9-25-56-55.8 0-14.9 5.9-29.1 16.4-39.6l77.8-77.8h-251.6c-29.4-.1-53.3-23.9-53.3-53.4s23.9-53.3 53.3-53.3h251.6l-77.8-77.8c-21.8-21.8-21.8-57.2 0-79.1s57.2-21.8 79.1 0l202.7 202.7c4.2 4.2 4.2 10.9 0 15.1l-202.7 202.6c-10.5 10.5-24.7 16.4-39.5 16.4zm-213.4-258.6c-17.7 0-32 14.3-32 32s14.3 32 32 32h277.3c5.9 0 10.7 4.8 10.7 10.6 0 2.8-1.1 5.6-3.1 7.6l-96 96c-13.5 13.5-13.5 35.4 0 48.9s35.4 13.5 48.9 0l195.2-195.1-195.2-195.1c-13.5-13.5-35.4-13.5-48.9 0s-13.5 35.4 0 48.9l96 96c4.2 4.2 4.2 10.9 0 15.1-2 2-4.7 3.1-7.6 3.1z\"><\/path><\/svg>\n            <\/div>\n          <\/li>\n          <li>faire grandir la machoire qui fait d\u00e9faut, le plus souvent le bas<\/li>\n          <li>\n            <div class=\"u-list-icon\">\n              <svg xmlns=\"http:\/\/www.w3.org\/2000\/svg\" xmlns:xlink=\"http:\/\/www.w3.org\/1999\/xlink\" version=\"1.1\" xml:space=\"preserve\" class=\"u-svg-content\" viewBox=\"0 0 512 512\" id=\"svg-f6e4\"><path d=\"m306.2 45.8c-21.8-21.8-57.2-21.8-79.1 0s-21.8 57.2 0 79.1l77.8 77.8h-251.6c-29.4 0-53.3 23.9-53.3 53.3 0 29.5 23.9 53.3 53.3 53.3h251.6l-77.8 77.8c-21.8 21.8-21.8 57.2 0 79.1s57.2 21.8 79.1 0l202.7-202.7c4.2-4.2 4.2-10.9 0-15.1z\" fill=\"#ff9800\"><\/path><path d=\"m266.7 482.6c-30.9 0-55.9-25-56-55.8 0-14.9 5.9-29.1 16.4-39.6l77.8-77.8h-251.6c-29.4-.1-53.3-23.9-53.3-53.4s23.9-53.3 53.3-53.3h251.6l-77.8-77.8c-21.8-21.8-21.8-57.2 0-79.1s57.2-21.8 79.1 0l202.7 202.7c4.2 4.2 4.2 10.9 0 15.1l-202.7 202.6c-10.5 10.5-24.7 16.4-39.5 16.4zm-213.4-258.6c-17.7 0-32 14.3-32 32s14.3 32 32 32h277.3c5.9 0 10.7 4.8 10.7 10.6 0 2.8-1.1 5.6-3.1 7.6l-96 96c-13.5 13.5-13.5 35.4 0 48.9s35.4 13.5 48.9 0l195.2-195.1-195.2-195.1c-13.5-13.5-35.4-13.5-48.9 0s-13.5 35.4 0 48.9l96 96c4.2 4.2 4.2 10.9 0 15.1-2 2-4.7 3.1-7.6 3.1z\"><\/path><\/svg>\n            <\/div>\n          <\/li>\n          <li>r\u00e9tablir la d\u00e9glutition, la respiration nasale et la mastication, c\u2019est l\u2019\u00e9ducation fonctionnelle.<\/li>\n        <\/ul>\n      <\/div>\n    <\/section>\n    <section class=\"u-align-center u-black u-clearfix u-section-3\" id=\"sec-4f5d\">\n      <div class=\"u-clearfix u-sheet u-sheet-1\">\n        <h2 class=\"u-text u-text-default u-text-1\">Les traitements possibles<\/h2>\n        <div class=\"u-expanded-width u-list u-list-1\">\n          <div class=\"u-repeater u-repeater-1\">\n            <div class=\"u-container-style u-image u-image-round u-list-item u-radius-8 u-repeater-item u-image-1\" data-image-width=\"1440\" data-image-height=\"1920\" style=\"background-image: url(&quot;https:\/\/dr-agnes-coelho-place.fr\/wp-content\/uploads\/2024\/07\/IMG_9153-3.jpg&quot;);\">\n              <div class=\"u-container-layout u-similar-container u-valign-bottom u-container-layout-1\">\n                <h3 class=\"u-align-center u-text u-text-body-alt-color u-text-default u-text-2\"> Quadh\u00e9lix<br>\n                <\/h3>\n              <\/div>\n            <\/div>\n            <div class=\"u-align-center u-container-style u-image u-image-round u-list-item u-radius-8 u-repeater-item u-image-2\" data-image-width=\"3024\" data-image-height=\"4032\" style=\"background-image: url(&quot;https:\/\/dr-agnes-coelho-place.fr\/wp-content\/uploads\/2024\/07\/IMG_9154-3.jpg&quot;);\">\n              <div class=\"u-container-layout u-similar-container u-valign-bottom u-container-layout-2\">\n                <h3 class=\"u-align-center u-text u-text-body-alt-color u-text-default u-text-3\"> Disjoncteur<\/h3>\n              <\/div>\n            <\/div>\n            <div class=\"u-align-center u-container-style u-image u-image-round u-list-item u-radius-8 u-repeater-item u-image-3\" data-image-width=\"480\" data-image-height=\"640\" style=\"background-image: url(&quot;https:\/\/dr-agnes-coelho-place.fr\/wp-content\/uploads\/2024\/07\/activateur_2024.png&quot;);\">\n              <div class=\"u-container-layout u-similar-container u-valign-bottom u-container-layout-3\">\n                <h3 class=\"u-align-center u-text u-text-body-alt-color u-text-default u-text-4\"> Activateur<\/h3>\n              <\/div>\n            <\/div>\n            <div class=\"u-align-center u-container-style u-image u-image-round u-list-item u-radius-8 u-repeater-item u-image-4\" data-image-width=\"1440\" data-image-height=\"1920\" style=\"background-image: url(&quot;https:\/\/dr-agnes-coelho-place.fr\/wp-content\/uploads\/2024\/07\/IMG_3118-3.jpg&quot;);\">\n              <div class=\"u-container-layout u-similar-container u-valign-bottom u-container-layout-4\">\n                <h3 class=\"u-align-center u-text u-text-body-alt-color u-text-default u-text-5\"> Education Fonctionnelle<\/h3>\n              <\/div>\n            <\/div>\n            <div class=\"u-align-center u-container-style u-image u-image-round u-list-item u-radius-8 u-repeater-item u-image-5\" data-image-width=\"1440\" data-image-height=\"1920\" style=\"background-image: url(&quot;https:\/\/dr-agnes-coelho-place.fr\/wp-content\/uploads\/2024\/07\/IMG_9150-3.jpg&quot;);\">\n              <div class=\"u-container-layout u-similar-container u-valign-bottom u-container-layout-5\">\n                <h3 class=\"u-align-center u-text u-text-body-alt-color u-text-default u-text-6\"> Goutti\u00e8res<br>d'alignement \n                <\/h3>\n              <\/div>\n            <\/div>\n          <\/div>\n        <\/div>\n      <\/div>\n    <\/section>\n    \n    \n    \n  \n","protected":false},"excerpt":{"rendered":"<p>Enfants en denture temporaires ou mixte (moins de 12 ans) Nous chercherons \u00e0 cet \u00e2ge \u00e0 intercepter les probl\u00e8mes qui g\u00eanent le bon d\u00e9roulement de la croissance des m\u00e2choires de l\u2019enfant, on parle de traitement interceptif ou orthop\u00e9dique.3 actions pr\u00e9dominent : &nbsp; l\u2019\u00e9largissement du palais faire grandir la machoire qui fait d\u00e9faut, le plus souvent &hellip; <a href=\"https:\/\/dr-agnes-coelho-place.fr\/index.php\/soins-enfants\/\" class=\"more-link\">Continue reading<span class=\"screen-reader-text\"> \u00ab\u00a0Soins Enfants\u00a0\u00bb<\/span><\/a><\/p>\n","protected":false},"author":1,"featured_media":0,"parent":0,"menu_order":1,"comment_status":"closed","ping_status":"closed","template":"","meta":{"footnotes":""},"_links":{"self":[{"href":"https:\/\/dr-agnes-coelho-place.fr\/index.php\/wp-json\/wp\/v2\/pages\/453"}],"collection":[{"href":"https:\/\/dr-agnes-coelho-place.fr\/index.php\/wp-json\/wp\/v2\/pages"}],"about":[{"href":"https:\/\/dr-agnes-coelho-place.fr\/index.php\/wp-json\/wp\/v2\/types\/page"}],"author":[{"embeddable":true,"href":"https:\/\/dr-agnes-coelho-place.fr\/index.php\/wp-json\/wp\/v2\/users\/1"}],"replies":[{"embeddable":true,"href":"https:\/\/dr-agnes-coelho-place.fr\/index.php\/wp-json\/wp\/v2\/comments?post=453"}],"version-history":[{"count":2,"href":"https:\/\/dr-agnes-coelho-place.fr\/index.php\/wp-json\/wp\/v2\/pages\/453\/revisions"}],"predecessor-version":[{"id":491,"href":"https:\/\/dr-agnes-coelho-place.fr\/index.php\/wp-json\/wp\/v2\/pages\/453\/revisions\/491"}],"wp:attachment":[{"href":"https:\/\/dr-agnes-coelho-place.fr\/index.php\/wp-json\/wp\/v2\/media?parent=453"}],"curies":[{"name":"wp","href":"https:\/\/api.w.org\/{rel}","templated":true}]}}